{"id":1116,"date":"2018-08-02T16:10:22","date_gmt":"2018-08-02T14:10:22","guid":{"rendered":"http:\/\/staging.altrich.de\/?page_id=1116"},"modified":"2025-03-07T08:18:26","modified_gmt":"2025-03-07T07:18:26","slug":"bauen-wohnen-4","status":"publish","type":"page","link":"https:\/\/www.altrich.de\/index.php\/bauen-wohnen-4\/","title":{"rendered":"Bauen &#038; Wohnen"},"content":{"rendered":"<div id='full_slider_1'  class='avia-fullwidth-slider main_color avia-shadow   avia-builder-el-0  el_before_av_section  avia-builder-el-first   container_wrap fullsize' style=' '  ><div   data-size='featured'  data-lightbox_size='large'  data-animation='slide'  data-conditional_play=''  data-ids='1002'  data-video_counter='0'  data-autoplay='false'  data-bg_slider='false'  data-slide_height=''  data-handle='av_slideshow_full'  data-interval='5'  data-class=' '  data-el_id=''  data-css_id=''  data-scroll_down=''  data-control_layout='av-control-default'  data-custom_markup=''  data-perma_caption=''  data-autoplay_stopper=''  data-image_attachment=''  data-min_height='0px'  data-src=''  data-position='top left'  data-repeat='no-repeat'  data-attach='scroll'  data-stretch=''  data-default-height='28.666666666667'  class='avia-slideshow avia-slideshow-1  av-control-default av-default-height-applied avia-slideshow-featured av_slideshow_full   avia-slide-slider '  itemprop=\"image\" itemscope=\"itemscope\" itemtype=\"https:\/\/schema.org\/ImageObject\" ><ul class='avia-slideshow-inner ' style='padding-bottom: 28.666666666667%;' ><li  class=' av-single-slide slide-1 ' ><div data-rel='slideshow-1' class='avia-slide-wrap '   ><img src='https:\/\/www.altrich.de\/wp-content\/uploads\/2018\/06\/altrich_summer-1-1500x430.jpg' width='1500' height='430' title='altrich_summer' alt=''  itemprop=\"thumbnailUrl\"   \/><\/div><\/li><\/ul><\/div><\/div>\n<div id='av_section_1'  class='avia-section main_color avia-section-default avia-no-shadow  avia-bg-style-scroll  avia-builder-el-1  el_after_av_slideshow_full  avia-builder-el-last   container_wrap fullsize' style='background-color: #ffffff;  '  ><div class='container' ><div class='template-page content  av-content-full alpha units'><div class='post-entry post-entry-type-page post-entry-1116'><div class='entry-content-wrapper clearfix'>\n<div  style='padding-bottom:19px; ' class='av-special-heading av-special-heading-h2  blockquote modern-quote modern-centered  avia-builder-el-2  el_before_av_three_fifth  avia-builder-el-first  '><h2 class='av-special-heading-tag '  itemprop=\"headline\"  >Bauen <span class='special_amp'>&amp;<\/span> Wohnen<\/h2><div class='special-heading-border'><div class='special-heading-inner-border' ><\/div><\/div><\/div>\n<div class=\"flex_column av_three_fifth  flex_column_div av-zero-column-padding first  avia-builder-el-3  el_after_av_heading  el_before_av_two_fifth  \" style='border-radius:0px; '><section class=\"av_textblock_section \"  itemscope=\"itemscope\" itemtype=\"https:\/\/schema.org\/CreativeWork\" ><div class='avia_textblock  '   itemprop=\"text\" ><p><img loading=\"lazy\" decoding=\"async\" class=\"size-full wp-image-603 alignnone\" src=\"https:\/\/www.altrich.de\/wp-content\/uploads\/2018\/01\/BWL-Altrich.jpg\" alt=\"\" width=\"300\" height=\"77\" \/><\/p>\n<p>In Altrich besteht ein Neubaugebiet mit 32 Baugrundst\u00fccken.<\/p>\n<p>Die Mitglieder des Gemeinderates freuen sich, mit diesem Baugebiet ein St\u00fcck Zukunft f\u00fcr Altrich zu schaffen. Im Rahmen eines Bewerbungs- und Bieterverfahrens haben die meisten Grundst\u00fccke schon einen Besitzer gefunden.<\/p>\n<p>Bei Fragen zur Verf\u00fcgbarkeit von Grundst\u00fccken in Altrich schreiben Sie gerne eine Mail an die Ortsb\u00fcrgermeisterin Stoffel-Leuchter. Sie steht Ihnen auch gerne f\u00fcr R\u00fcckfragen pers\u00f6nlich zur Verf\u00fcgung (Tel.: 06571 9535090)<\/p>\n<p><em>Sylvia Stoffel-Leuchter, Ortsb\u00fcrgermeisterin<\/em><\/p>\n<\/div><\/section><\/div><div class=\"flex_column av_two_fifth  flex_column_div av-zero-column-padding   avia-builder-el-5  el_after_av_three_fifth  avia-builder-el-last  \" style='border-radius:0px; '><section class=\"av_textblock_section \"  itemscope=\"itemscope\" itemtype=\"https:\/\/schema.org\/CreativeWork\" ><div class='avia_textblock  '   itemprop=\"text\" ><p style=\"text-align: left;\"><a href=\"https:\/\/www.altrich.de\/wp-content\/uploads\/2025\/03\/Handreichung-Bauherren_WittlichLand_web.pdf\"><img loading=\"lazy\" decoding=\"async\" class=\"alignnone wp-image-2897\" src=\"https:\/\/www.altrich.de\/wp-content\/uploads\/2025\/03\/Bildschirmfoto-2025-03-07-um-08.14.30-210x300.png\" alt=\"\" width=\"283\" height=\"404\" srcset=\"https:\/\/www.altrich.de\/wp-content\/uploads\/2025\/03\/Bildschirmfoto-2025-03-07-um-08.14.30-210x300.png 210w, https:\/\/www.altrich.de\/wp-content\/uploads\/2025\/03\/Bildschirmfoto-2025-03-07-um-08.14.30-721x1030.png 721w, https:\/\/www.altrich.de\/wp-content\/uploads\/2025\/03\/Bildschirmfoto-2025-03-07-um-08.14.30-768x1097.png 768w, https:\/\/www.altrich.de\/wp-content\/uploads\/2025\/03\/Bildschirmfoto-2025-03-07-um-08.14.30-1075x1536.png 1075w, https:\/\/www.altrich.de\/wp-content\/uploads\/2025\/03\/Bildschirmfoto-2025-03-07-um-08.14.30-1434x2048.png 1434w, https:\/\/www.altrich.de\/wp-content\/uploads\/2025\/03\/Bildschirmfoto-2025-03-07-um-08.14.30-1050x1500.png 1050w, https:\/\/www.altrich.de\/wp-content\/uploads\/2025\/03\/Bildschirmfoto-2025-03-07-um-08.14.30-494x705.png 494w, https:\/\/www.altrich.de\/wp-content\/uploads\/2025\/03\/Bildschirmfoto-2025-03-07-um-08.14.30.png 1560w\" sizes=\"auto, (max-width: 283px) 100vw, 283px\" \/><\/a><br \/>\n<span style=\"font-size: 12pt;\">Informationen f\u00fcr Bauherren<\/span><br \/>\n<span style=\"font-size: 12pt;\"> als <strong><a href=\"https:\/\/www.altrich.de\/wp-content\/uploads\/2025\/03\/Handreichung-Bauherren_WittlichLand_web.pdf\">pdf-Dati zum herunterladen &gt;&gt;<\/a><\/strong><\/span><\/p>\n<\/div><\/section><\/div>\n","protected":false},"excerpt":{"rendered":"","protected":false},"author":1,"featured_media":0,"parent":0,"menu_order":0,"comment_status":"closed","ping_status":"closed","template":"","meta":{"footnotes":""},"class_list":["post-1116","page","type-page","status-publish","hentry"],"_links":{"self":[{"href":"https:\/\/www.altrich.de\/index.php\/wp-json\/wp\/v2\/pages\/1116","targetHints":{"allow":["GET"]}}],"collection":[{"href":"https:\/\/www.altrich.de\/index.php\/wp-json\/wp\/v2\/pages"}],"about":[{"href":"https:\/\/www.altrich.de\/index.php\/wp-json\/wp\/v2\/types\/page"}],"author":[{"embeddable":true,"href":"https:\/\/www.altrich.de\/index.php\/wp-json\/wp\/v2\/users\/1"}],"replies":[{"embeddable":true,"href":"https:\/\/www.altrich.de\/index.php\/wp-json\/wp\/v2\/comments?post=1116"}],"version-history":[{"count":28,"href":"https:\/\/www.altrich.de\/index.php\/wp-json\/wp\/v2\/pages\/1116\/revisions"}],"predecessor-version":[{"id":1943,"href":"https:\/\/www.altrich.de\/index.php\/wp-json\/wp\/v2\/pages\/1116\/revisions\/1943"}],"wp:attachment":[{"href":"https:\/\/www.altrich.de\/index.php\/wp-json\/wp\/v2\/media?parent=1116"}],"curies":[{"name":"wp","href":"https:\/\/api.w.org\/{rel}","templated":true}]}}