{"id":1123,"date":"2018-08-02T16:18:18","date_gmt":"2018-08-02T14:18:18","guid":{"rendered":"http:\/\/staging.altrich.de\/?page_id=1123"},"modified":"2018-10-25T12:46:46","modified_gmt":"2018-10-25T10:46:46","slug":"chronik","status":"publish","type":"page","link":"https:\/\/www.altrich.de\/index.php\/chronik\/","title":{"rendered":"Chronik"},"content":{"rendered":"<div id='full_slider_1'  class='avia-fullwidth-slider main_color avia-shadow   avia-builder-el-0  el_before_av_section  avia-builder-el-first   container_wrap fullsize' style=' '  ><div   data-size='featured'  data-lightbox_size='large'  data-animation='slide'  data-conditional_play=''  data-ids='1002'  data-video_counter='0'  data-autoplay='false'  data-bg_slider='false'  data-slide_height=''  data-handle='av_slideshow_full'  data-interval='5'  data-class=' '  data-el_id=''  data-css_id=''  data-scroll_down=''  data-control_layout='av-control-default'  data-custom_markup=''  data-perma_caption=''  data-autoplay_stopper=''  data-image_attachment=''  data-min_height='0px'  data-src=''  data-position='top left'  data-repeat='no-repeat'  data-attach='scroll'  data-stretch=''  data-default-height='28.666666666667'  class='avia-slideshow avia-slideshow-1  av-control-default av-default-height-applied avia-slideshow-featured av_slideshow_full   avia-slide-slider '  itemprop=\"image\" itemscope=\"itemscope\" itemtype=\"https:\/\/schema.org\/ImageObject\" ><ul class='avia-slideshow-inner ' style='padding-bottom: 28.666666666667%;' ><li  class=' av-single-slide slide-1 ' ><div data-rel='slideshow-1' class='avia-slide-wrap '   ><img src='https:\/\/www.altrich.de\/wp-content\/uploads\/2018\/06\/altrich_summer-1-1500x430.jpg' width='1500' height='430' title='altrich_summer' alt=''  itemprop=\"thumbnailUrl\"   \/><\/div><\/li><\/ul><\/div><\/div>\n<div id='av_section_1'  class='avia-section main_color avia-section-default avia-no-shadow  avia-bg-style-scroll  avia-builder-el-1  el_after_av_slideshow_full  el_before_av_section   container_wrap fullsize' style='background-color: #ffffff;  '  ><div class='container' ><div class='template-page content  av-content-full alpha units'><div class='post-entry post-entry-type-page post-entry-1123'><div class='entry-content-wrapper clearfix'>\n<div  style='padding-bottom:19px; ' class='av-special-heading av-special-heading-h2  blockquote modern-quote modern-centered  avia-builder-el-2  el_before_av_two_fifth  avia-builder-el-first  '><h2 class='av-special-heading-tag '  itemprop=\"headline\"  >Chronik<\/h2><div class='special-heading-border'><div class='special-heading-inner-border' ><\/div><\/div><\/div>\n<div class=\"flex_column av_two_fifth  flex_column_div av-zero-column-padding first  avia-builder-el-3  el_after_av_heading  el_before_av_three_fifth  \" style='border-radius:0px; '><section class=\"av_textblock_section \"  itemscope=\"itemscope\" itemtype=\"https:\/\/schema.org\/CreativeWork\" ><div class='avia_textblock  '   itemprop=\"text\" ><p><a href=\"https:\/\/www.altrich.de\/wp-content\/uploads\/2018\/01\/Buergerfoto_2014.jpg\"><img loading=\"lazy\" decoding=\"async\" class=\"alignright wp-image-591 size-full\" src=\"https:\/\/www.altrich.de\/wp-content\/uploads\/2018\/01\/Buergerfoto_2014.jpg\" alt=\"\" width=\"1476\" height=\"690\" srcset=\"https:\/\/www.altrich.de\/wp-content\/uploads\/2018\/01\/Buergerfoto_2014.jpg 1476w, https:\/\/www.altrich.de\/wp-content\/uploads\/2018\/01\/Buergerfoto_2014-300x140.jpg 300w, https:\/\/www.altrich.de\/wp-content\/uploads\/2018\/01\/Buergerfoto_2014-768x359.jpg 768w, https:\/\/www.altrich.de\/wp-content\/uploads\/2018\/01\/Buergerfoto_2014-1030x482.jpg 1030w, https:\/\/www.altrich.de\/wp-content\/uploads\/2018\/01\/Buergerfoto_2014-705x330.jpg 705w, https:\/\/www.altrich.de\/wp-content\/uploads\/2018\/01\/Buergerfoto_2014-450x210.jpg 450w\" sizes=\"auto, (max-width: 1476px) 100vw, 1476px\" \/><\/a><\/p>\n<\/div><\/section><\/div><div class=\"flex_column av_three_fifth  flex_column_div av-zero-column-padding   avia-builder-el-5  el_after_av_two_fifth  avia-builder-el-last  \" style='border-radius:0px; '><section class=\"av_textblock_section \"  itemscope=\"itemscope\" itemtype=\"https:\/\/schema.org\/CreativeWork\" ><div class='avia_textblock  '   itemprop=\"text\" ><p>Das Projekt \u201eEine Chronik f\u00fcr Altrich\u201c wurde im Jahr 2015 abgeschlossen. Leider sind keine Chroniken mehr verf\u00fcgbar. Im Rahmen des Projektes haben wir zu einem B\u00fcrger-Foto aufgerufen. \u00dcber 400 B\u00fcrgerinnen und B\u00fcrger haben sich beteiligt.<\/p>\n<\/div><\/section><\/div><\/div><\/div><\/div><!-- close content main div --><\/div><\/div><div id='av_section_2'  class='avia-section main_color avia-section-default avia-no-shadow  avia-bg-style-scroll  avia-builder-el-7  el_after_av_section  el_before_av_section   container_wrap fullsize' style='background-color: #ffffff;  '  ><div class='container' ><div class='template-page content  av-content-full alpha units'><div class='post-entry post-entry-type-page post-entry-1123'><div class='entry-content-wrapper clearfix'>\n<div  style='padding-bottom:19px; ' class='av-special-heading av-special-heading-h2  blockquote modern-quote modern-centered  avia-builder-el-8  el_before_av_two_fifth  avia-builder-el-first  '><h2 class='av-special-heading-tag '  itemprop=\"headline\"  >Wappen<\/h2><div class='special-heading-border'><div class='special-heading-inner-border' ><\/div><\/div><\/div>\n<div class=\"flex_column av_two_fifth  flex_column_div av-zero-column-padding first  avia-builder-el-9  el_after_av_heading  el_before_av_three_fifth  \" style='border-radius:0px; '><section class=\"av_textblock_section \"  itemscope=\"itemscope\" itemtype=\"https:\/\/schema.org\/CreativeWork\" ><div class='avia_textblock  '   itemprop=\"text\" ><p><img loading=\"lazy\" decoding=\"async\" class=\"wp-image-598 alignright\" src=\"https:\/\/www.altrich.de\/wp-content\/uploads\/2018\/01\/ALTRICH_Wappen.png\" alt=\"\" width=\"257\" height=\"297\" srcset=\"https:\/\/www.altrich.de\/wp-content\/uploads\/2018\/01\/ALTRICH_Wappen.png 478w, https:\/\/www.altrich.de\/wp-content\/uploads\/2018\/01\/ALTRICH_Wappen-259x300.png 259w, https:\/\/www.altrich.de\/wp-content\/uploads\/2018\/01\/ALTRICH_Wappen-450x521.png 450w\" sizes=\"auto, (max-width: 257px) 100vw, 257px\" \/><\/p>\n<\/div><\/section><\/div><div class=\"flex_column av_three_fifth  flex_column_div av-zero-column-padding   avia-builder-el-11  el_after_av_two_fifth  avia-builder-el-last  \" style='border-radius:0px; '><section class=\"av_textblock_section \"  itemscope=\"itemscope\" itemtype=\"https:\/\/schema.org\/CreativeWork\" ><div class='avia_textblock  '   itemprop=\"text\" ><p><strong> Entstehungsdatum<\/strong><\/p>\n<p>Mit Genehmigung der Bezirksregierung Trier vom 29. April 1971 erhielt die Gemeinde Altrich das Recht, ein eigenes Wappen zu f\u00fchren.<\/p>\n<p><strong>Wappenbeschreibung<\/strong><\/p>\n<p>Schild von Rot und Wei\u00df gespalten, vorne ein wei\u00dfes Andreaskreuz, hinten 3 (2:1) rote Kugeln (Wei\u00df = Silber).<\/p>\n<p><strong>Wappenbegr\u00fcndung<\/strong><\/p>\n<p>Das Andreaskreuz in der vorderen Schildh\u00e4lfte steht als Symbol f\u00fcr den im alten Gerichtssiegel dargestellten Kirchenpatron St. Andreas (\u00fcberliefert im Jahre 1764).<\/p>\n<p>Die hintere Schildh\u00e4lfte erinnert an ein nach Altrich benanntes Rittergeschlecht, das im 14. Jahrhundert nachweisbar ist. Die Farben Rot und Wei\u00df weisen auf die ehemalige Zugeh\u00f6rigkeit zum Kurf\u00fcrstentum Trier hin.<\/p>\n<\/div><\/section><\/div>\n\n<\/div><\/div><\/div><!-- close content main div --><\/div><\/div><div id='av_section_3'  class='avia-section main_color avia-section-default avia-no-shadow  avia-bg-style-scroll  avia-builder-el-13  el_after_av_section  avia-builder-el-last   container_wrap fullsize' style='background-color: #ffffff;  '  ><div class='container' ><div class='template-page content  av-content-full alpha units'><div class='post-entry post-entry-type-page post-entry-1123'><div class='entry-content-wrapper clearfix'>\n<div  style='padding-bottom:19px; ' class='av-special-heading av-special-heading-h2  blockquote modern-quote modern-centered  avia-builder-el-14  el_before_av_two_fifth  avia-builder-el-first  '><h2 class='av-special-heading-tag '  itemprop=\"headline\"  >Die Wegekreuze<\/h2><div class='special-heading-border'><div class='special-heading-inner-border' ><\/div><\/div><\/div>\n<div class=\"flex_column av_two_fifth  flex_column_div av-zero-column-padding first  avia-builder-el-15  el_after_av_heading  el_before_av_three_fifth  \" style='border-radius:0px; '><div id='av-masonry-1' class='av-masonry  noHover av-fixed-size av-large-gap av-hover-overlay-active av-masonry-animation-active av-masonry-col-3 av-caption-always av-caption-style- av-masonry-gallery     '  ><div class='av-masonry-container isotope av-js-disabled ' ><div class='av-masonry-entry isotope-item av-masonry-item-no-image '><\/div><a href=\"https:\/\/www.altrich.de\/wp-content\/uploads\/2018\/07\/Wegekreuz-im-Winter_3-1030x773.jpg\" id='av-masonry-1-item-1078' data-av-masonry-item='1078' class='av-masonry-entry isotope-item post-1078 attachment type-attachment status-inherit hentry  av-masonry-item-with-image' title=\"Wegekreuz im Winter_3\"  itemprop=\"thumbnailUrl\" ><div class='av-inner-masonry-sizer'><\/div><figure class='av-inner-masonry main_color'><div class=\"av-masonry-outerimage-container\"><div class=\"av-masonry-image-container\" style=\"background-image: url(https:\/\/www.altrich.de\/wp-content\/uploads\/2018\/07\/Wegekreuz-im-Winter_3-705x529.jpg);\" title=\"Wegekreuz im Winter_3\" ><\/div><\/div><\/figure><\/a><!--end av-masonry entry--><a href=\"https:\/\/www.altrich.de\/wp-content\/uploads\/2018\/07\/Wegekreuz-im-Winter_2-773x1030.jpg\" id='av-masonry-1-item-1079' data-av-masonry-item='1079' class='av-masonry-entry isotope-item post-1079 attachment type-attachment status-inherit hentry  av-masonry-item-with-image' title=\"Wegekreuz im Winter_2\"  itemprop=\"thumbnailUrl\" ><div class='av-inner-masonry-sizer'><\/div><figure class='av-inner-masonry main_color'><div class=\"av-masonry-outerimage-container\"><div class=\"av-masonry-image-container\" style=\"background-image: url(https:\/\/www.altrich.de\/wp-content\/uploads\/2018\/07\/Wegekreuz-im-Winter_2-529x705.jpg);\" title=\"Wegekreuz im Winter_2\" ><\/div><\/div><\/figure><\/a><!--end av-masonry entry--><a href=\"https:\/\/www.altrich.de\/wp-content\/uploads\/2018\/07\/Wegekreuz-im-Winter_1-773x1030.jpg\" id='av-masonry-1-item-1080' data-av-masonry-item='1080' class='av-masonry-entry isotope-item post-1080 attachment type-attachment status-inherit hentry  av-masonry-item-with-image' title=\"Wegekreuz im Winter_1\"  itemprop=\"thumbnailUrl\" ><div class='av-inner-masonry-sizer'><\/div><figure class='av-inner-masonry main_color'><div class=\"av-masonry-outerimage-container\"><div class=\"av-masonry-image-container\" style=\"background-image: url(https:\/\/www.altrich.de\/wp-content\/uploads\/2018\/07\/Wegekreuz-im-Winter_1-529x705.jpg);\" title=\"Wegekreuz im Winter_1\" ><\/div><\/div><\/figure><\/a><!--end av-masonry entry--><a href=\"https:\/\/www.altrich.de\/wp-content\/uploads\/2018\/07\/Kreuz-Gut-Kirchhof-2-773x1030.jpg\" id='av-masonry-1-item-1083' data-av-masonry-item='1083' class='av-masonry-entry isotope-item post-1083 attachment type-attachment status-inherit hentry  av-masonry-item-with-image' title=\"Kreuz Gut Kirchhof 2\"  itemprop=\"thumbnailUrl\" ><div class='av-inner-masonry-sizer'><\/div><figure class='av-inner-masonry main_color'><div class=\"av-masonry-outerimage-container\"><div class=\"av-masonry-image-container\" style=\"background-image: url(https:\/\/www.altrich.de\/wp-content\/uploads\/2018\/07\/Kreuz-Gut-Kirchhof-2-529x705.jpg);\" title=\"Kreuz Gut Kirchhof 2\" ><\/div><\/div><\/figure><\/a><!--end av-masonry entry--><a href=\"https:\/\/www.altrich.de\/wp-content\/uploads\/2018\/07\/Possen-Kreuz1-773x1030.jpg\" id='av-masonry-1-item-1084' data-av-masonry-item='1084' class='av-masonry-entry isotope-item post-1084 attachment type-attachment status-inherit hentry  av-masonry-item-with-image' title=\"Possen Kreuz1\"  itemprop=\"thumbnailUrl\" ><div class='av-inner-masonry-sizer'><\/div><figure class='av-inner-masonry main_color'><div class=\"av-masonry-outerimage-container\"><div class=\"av-masonry-image-container\" style=\"background-image: url(https:\/\/www.altrich.de\/wp-content\/uploads\/2018\/07\/Possen-Kreuz1-529x705.jpg);\" title=\"Possen Kreuz1\" ><\/div><\/div><\/figure><\/a><!--end av-masonry entry--><a href=\"https:\/\/www.altrich.de\/wp-content\/uploads\/2018\/07\/Wegekreuz_1-1-773x1030.jpg\" id='av-masonry-1-item-1096' data-av-masonry-item='1096' class='av-masonry-entry isotope-item post-1096 attachment type-attachment status-inherit hentry  av-masonry-item-with-image' title=\"OLYMPUS DIGITAL CAMERA\"  itemprop=\"thumbnailUrl\" ><div class='av-inner-masonry-sizer'><\/div><figure class='av-inner-masonry main_color'><div class=\"av-masonry-outerimage-container\"><div class=\"av-masonry-image-container\" style=\"background-image: url(https:\/\/www.altrich.de\/wp-content\/uploads\/2018\/07\/Wegekreuz_1-1-529x705.jpg);\" title=\"OLYMPUS DIGITAL CAMERA\" ><\/div><\/div><\/figure><\/a><!--end av-masonry entry--><a href=\"https:\/\/www.altrich.de\/wp-content\/uploads\/2018\/07\/Kreuz-im-Bru\u0308hlweg1-773x1030.jpg\" id='av-masonry-1-item-1095' data-av-masonry-item='1095' class='av-masonry-entry isotope-item post-1095 attachment type-attachment status-inherit hentry  av-masonry-item-with-image' title=\"Kreuz im Bru\u0308hlweg1\"  itemprop=\"thumbnailUrl\" ><div class='av-inner-masonry-sizer'><\/div><figure class='av-inner-masonry main_color'><div class=\"av-masonry-outerimage-container\"><div class=\"av-masonry-image-container\" style=\"background-image: url(https:\/\/www.altrich.de\/wp-content\/uploads\/2018\/07\/Kreuz-im-Bru\u0308hlweg1-529x705.jpg);\" title=\"Kreuz im Bru\u0308hlweg1\" ><\/div><\/div><\/figure><\/a><!--end av-masonry entry--><a href=\"https:\/\/www.altrich.de\/wp-content\/uploads\/2018\/07\/Kreuz-an-Lieserbru\u0308cke2-773x1030.jpg\" id='av-masonry-1-item-1094' data-av-masonry-item='1094' class='av-masonry-entry isotope-item post-1094 attachment type-attachment status-inherit hentry  av-masonry-item-with-image' title=\"Kreuz an Lieserbru\u0308cke2\"  itemprop=\"thumbnailUrl\" ><div class='av-inner-masonry-sizer'><\/div><figure class='av-inner-masonry main_color'><div class=\"av-masonry-outerimage-container\"><div class=\"av-masonry-image-container\" style=\"background-image: url(https:\/\/www.altrich.de\/wp-content\/uploads\/2018\/07\/Kreuz-an-Lieserbru\u0308cke2-529x705.jpg);\" title=\"Kreuz an Lieserbru\u0308cke2\" ><\/div><\/div><\/figure><\/a><!--end av-masonry entry--><a href=\"https:\/\/www.altrich.de\/wp-content\/uploads\/2018\/07\/Kreuz-am-Bu\u0308scheider-Weg2-773x1030.jpg\" id='av-masonry-1-item-1093' data-av-masonry-item='1093' class='av-masonry-entry isotope-item post-1093 attachment type-attachment status-inherit hentry  av-masonry-item-with-image' title=\"Kreuz am Bu\u0308scheider Weg2\"  itemprop=\"thumbnailUrl\" ><div class='av-inner-masonry-sizer'><\/div><figure class='av-inner-masonry main_color'><div class=\"av-masonry-outerimage-container\"><div class=\"av-masonry-image-container\" style=\"background-image: url(https:\/\/www.altrich.de\/wp-content\/uploads\/2018\/07\/Kreuz-am-Bu\u0308scheider-Weg2-529x705.jpg);\" title=\"Kreuz am Bu\u0308scheider Weg2\" ><\/div><\/div><\/figure><\/a><!--end av-masonry entry--><a href=\"https:\/\/www.altrich.de\/wp-content\/uploads\/2018\/07\/Kreuz-auf-der-Kordel3-773x1030.jpg\" id='av-masonry-1-item-1092' data-av-masonry-item='1092' class='av-masonry-entry isotope-item post-1092 attachment type-attachment status-inherit hentry  av-masonry-item-with-image' title=\"Kreuz auf der Kordel3\"  itemprop=\"thumbnailUrl\" ><div class='av-inner-masonry-sizer'><\/div><figure class='av-inner-masonry main_color'><div class=\"av-masonry-outerimage-container\"><div class=\"av-masonry-image-container\" style=\"background-image: url(https:\/\/www.altrich.de\/wp-content\/uploads\/2018\/07\/Kreuz-auf-der-Kordel3-529x705.jpg);\" title=\"Kreuz auf der Kordel3\" ><\/div><\/div><\/figure><\/a><!--end av-masonry entry--><a href=\"https:\/\/www.altrich.de\/wp-content\/uploads\/2018\/07\/Kammerkreuz3-773x1030.jpg\" id='av-masonry-1-item-1091' data-av-masonry-item='1091' class='av-masonry-entry isotope-item post-1091 attachment type-attachment status-inherit hentry  av-masonry-item-with-image' title=\"Kammerkreuz3\"  itemprop=\"thumbnailUrl\" ><div class='av-inner-masonry-sizer'><\/div><figure class='av-inner-masonry main_color'><div class=\"av-masonry-outerimage-container\"><div class=\"av-masonry-image-container\" style=\"background-image: url(https:\/\/www.altrich.de\/wp-content\/uploads\/2018\/07\/Kammerkreuz3-529x705.jpg);\" title=\"Kammerkreuz3\" ><\/div><\/div><\/figure><\/a><!--end av-masonry entry--><a href=\"https:\/\/www.altrich.de\/wp-content\/uploads\/2018\/07\/Kreuz-Wegscheider-Hof3-773x1030.jpg\" id='av-masonry-1-item-1090' data-av-masonry-item='1090' class='av-masonry-entry isotope-item post-1090 attachment type-attachment status-inherit hentry  av-masonry-item-with-image' title=\"Kreuz Wegscheider Hof3\"  itemprop=\"thumbnailUrl\" ><div class='av-inner-masonry-sizer'><\/div><figure class='av-inner-masonry main_color'><div class=\"av-masonry-outerimage-container\"><div class=\"av-masonry-image-container\" style=\"background-image: url(https:\/\/www.altrich.de\/wp-content\/uploads\/2018\/07\/Kreuz-Wegscheider-Hof3-529x705.jpg);\" title=\"Kreuz Wegscheider Hof3\" ><\/div><\/div><\/figure><\/a><!--end av-masonry entry--><a href=\"https:\/\/www.altrich.de\/wp-content\/uploads\/2018\/07\/Kreuz-auf-der-Jeich2-773x1030.jpg\" id='av-masonry-1-item-1089' data-av-masonry-item='1089' class='av-masonry-entry isotope-item post-1089 attachment type-attachment status-inherit hentry  av-masonry-item-with-image' title=\"Kreuz auf der Jeich2\"  itemprop=\"thumbnailUrl\" ><div class='av-inner-masonry-sizer'><\/div><figure class='av-inner-masonry main_color'><div class=\"av-masonry-outerimage-container\"><div class=\"av-masonry-image-container\" style=\"background-image: url(https:\/\/www.altrich.de\/wp-content\/uploads\/2018\/07\/Kreuz-auf-der-Jeich2-529x705.jpg);\" title=\"Kreuz auf der Jeich2\" ><\/div><\/div><\/figure><\/a><!--end av-masonry entry--><a href=\"https:\/\/www.altrich.de\/wp-content\/uploads\/2018\/07\/Kreuz-Dorfmitte-2-773x1030.jpg\" id='av-masonry-1-item-1088' data-av-masonry-item='1088' class='av-masonry-entry isotope-item post-1088 attachment type-attachment status-inherit hentry  av-masonry-item-with-image' title=\"Kreuz Dorfmitte 2\"  itemprop=\"thumbnailUrl\" ><div class='av-inner-masonry-sizer'><\/div><figure class='av-inner-masonry main_color'><div class=\"av-masonry-outerimage-container\"><div class=\"av-masonry-image-container\" style=\"background-image: url(https:\/\/www.altrich.de\/wp-content\/uploads\/2018\/07\/Kreuz-Dorfmitte-2-529x705.jpg);\" title=\"Kreuz Dorfmitte 2\" ><\/div><\/div><\/figure><\/a><!--end av-masonry entry--><a href=\"https:\/\/www.altrich.de\/wp-content\/uploads\/2018\/07\/Andreaskreuz2-773x1030.jpg\" id='av-masonry-1-item-1087' data-av-masonry-item='1087' class='av-masonry-entry isotope-item post-1087 attachment type-attachment status-inherit hentry  av-masonry-item-with-image' title=\"Andreaskreuz2\"  itemprop=\"thumbnailUrl\" ><div class='av-inner-masonry-sizer'><\/div><figure class='av-inner-masonry main_color'><div class=\"av-masonry-outerimage-container\"><div class=\"av-masonry-image-container\" style=\"background-image: url(https:\/\/www.altrich.de\/wp-content\/uploads\/2018\/07\/Andreaskreuz2-529x705.jpg);\" title=\"Andreaskreuz2\" ><\/div><\/div><\/figure><\/a><!--end av-masonry entry--><a href=\"https:\/\/www.altrich.de\/wp-content\/uploads\/2018\/07\/Kreuz-Klausenerstra\u00dfe-1-773x1030.jpg\" id='av-masonry-1-item-1086' data-av-masonry-item='1086' class='av-masonry-entry isotope-item post-1086 attachment type-attachment status-inherit hentry  av-masonry-item-with-image' title=\"Kreuz Klausenerstra\u00dfe 1\"  itemprop=\"thumbnailUrl\" ><div class='av-inner-masonry-sizer'><\/div><figure class='av-inner-masonry main_color'><div class=\"av-masonry-outerimage-container\"><div class=\"av-masonry-image-container\" style=\"background-image: url(https:\/\/www.altrich.de\/wp-content\/uploads\/2018\/07\/Kreuz-Klausenerstra\u00dfe-1-529x705.jpg);\" title=\"Kreuz Klausenerstra\u00dfe 1\" ><\/div><\/div><\/figure><\/a><!--end av-masonry entry--><a href=\"https:\/\/www.altrich.de\/wp-content\/uploads\/2018\/07\/Kreuz-an-der-Krummfuhr1-773x1030.jpg\" id='av-masonry-1-item-1085' data-av-masonry-item='1085' class='av-masonry-entry isotope-item post-1085 attachment type-attachment status-inherit hentry  av-masonry-item-with-image' title=\"Kreuz an der Krummfuhr1\"  itemprop=\"thumbnailUrl\" ><div class='av-inner-masonry-sizer'><\/div><figure class='av-inner-masonry main_color'><div class=\"av-masonry-outerimage-container\"><div class=\"av-masonry-image-container\" style=\"background-image: url(https:\/\/www.altrich.de\/wp-content\/uploads\/2018\/07\/Kreuz-an-der-Krummfuhr1-529x705.jpg);\" title=\"Kreuz an der Krummfuhr1\" ><\/div><\/div><\/figure><\/a><!--end av-masonry entry--><\/div><\/div><\/div><div class=\"flex_column av_three_fifth  flex_column_div av-zero-column-padding   avia-builder-el-17  el_after_av_two_fifth  avia-builder-el-last  \" style='border-radius:0px; '><section class=\"av_textblock_section \"  itemscope=\"itemscope\" itemtype=\"https:\/\/schema.org\/CreativeWork\" ><div class='avia_textblock  '   itemprop=\"text\" ><h2><strong>\u00a0<\/strong><\/h2>\n<p>Wegkreuze gibt es in unserer Gegend h\u00e4ufig. T\u00e4glich kommt man daran vorbei und sieht sie eigentlich nicht mehr. Teilweise sind sie sehr alt und Zeichen der Gl\u00e4ubigkeit unserer Vorfahren. Die Wegkreuze auf der Gemarkung Altrich sind Dank des regen Engagements der AltricherInnen gut erhalten.<\/p>\n<p>Wegkreuze standen an den Dorfeing\u00e4ngen. Dies begr\u00fcndet sich wohl in der heidnischen Zeit, in der an den Dorfeing\u00e4ngen und Wegscheiden \u201eheilige\u201c B\u00e4ume, wie z.B. Weiden, Linden oder Eschen standen, denen im Naturglauben der Menschen eine hohe Bedeutung zugemessen wurde. Diese B\u00e4ume sollten dem Wanderer Segen bringen oder ihn f\u00fcr den Weg st\u00e4rken<\/p>\n<p>An die Stelle der B\u00e4ume dieser Naturreligionen wurden vom Christentum christliche Zeichen gesetzt. Dies waren meist Kreuze oder Heiligenh\u00e4uschen.<\/p>\n<p>Kreuze wurden auch aus besonderen Anl\u00e4ssen aufgestellt. Kreuze im Wald wurden meist zur Erinnerung an verungl\u00fcckte Waldarbeiter errichtet (wie des Possenkreuz im H\u00fchnerfeld). Andere stellten den Dank an Gott f\u00fcr \u00fcberstandene Kriege und Seuchen oder Bitten bei pers\u00f6nlichen Leid dar.<\/p>\n<p>Die Kreuze im Dorf waren und sind Stationen der Fronleichnamsprozession. Die H\u00e4user und Stra\u00dfen des Dorfes waren geschm\u00fcckt mit Fahnen und Blumen. Der Dorfpfarrer trug die Monstranz, die Menschen begleiteten sie festlich gekleidet, singend und betend in einer Prozession durch das Dorf, um Segen und Beistand f\u00fcr Arbeiten und Schaffen zu erbitten.<\/p>\n<p>Ein weiterer Bittgang zu den Kreuzen wurde \u201eDie sieben Schmerzen Mariens\u201c oder auch \u201e Die sieben Fu\u00dff\u00e4lle\u201c genannt. Dies war der letzte Liebesdienst, den Angeh\u00f6rige und Freunde einem Todkranken oder Sterbenden noch erweisen konnten. Hierbei wurde immer um den Tod gebetet, nicht um Genesung. Es war selbstverst\u00e4ndlich, dass man sich gegenseitig unterst\u00fctzte und Freunde, Verwandte und Nachbarn diesen Bittgang mitgingen.<\/p>\n<\/div><\/section><\/div>\n\n","protected":false},"excerpt":{"rendered":"","protected":false},"author":1,"featured_media":0,"parent":0,"menu_order":0,"comment_status":"closed","ping_status":"closed","template":"","meta":{"footnotes":""},"class_list":["post-1123","page","type-page","status-publish","hentry"],"_links":{"self":[{"href":"https:\/\/www.altrich.de\/index.php\/wp-json\/wp\/v2\/pages\/1123","targetHints":{"allow":["GET"]}}],"collection":[{"href":"https:\/\/www.altrich.de\/index.php\/wp-json\/wp\/v2\/pages"}],"about":[{"href":"https:\/\/www.altrich.de\/index.php\/wp-json\/wp\/v2\/types\/page"}],"author":[{"embeddable":true,"href":"https:\/\/www.altrich.de\/index.php\/wp-json\/wp\/v2\/users\/1"}],"replies":[{"embeddable":true,"href":"https:\/\/www.altrich.de\/index.php\/wp-json\/wp\/v2\/comments?post=1123"}],"version-history":[{"count":6,"href":"https:\/\/www.altrich.de\/index.php\/wp-json\/wp\/v2\/pages\/1123\/revisions"}],"predecessor-version":[{"id":1125,"href":"https:\/\/www.altrich.de\/index.php\/wp-json\/wp\/v2\/pages\/1123\/revisions\/1125"}],"wp:attachment":[{"href":"https:\/\/www.altrich.de\/index.php\/wp-json\/wp\/v2\/media?parent=1123"}],"curies":[{"name":"wp","href":"https:\/\/api.w.org\/{rel}","templated":true}]}}