{"id":1276,"date":"2018-08-20T14:34:18","date_gmt":"2018-08-20T12:34:18","guid":{"rendered":"http:\/\/staging.altrich.de\/?page_id=1276"},"modified":"2024-08-07T10:04:45","modified_gmt":"2024-08-07T08:04:45","slug":"geschaeftsbereich-bau-2","status":"publish","type":"page","link":"https:\/\/www.altrich.de\/index.php\/geschaeftsbereich-bau-2\/","title":{"rendered":"Gesch\u00e4ftsbereich Bau"},"content":{"rendered":"<div id='full_slider_1'  class='avia-fullwidth-slider main_color avia-shadow   avia-builder-el-0  el_before_av_section  avia-builder-el-first   container_wrap fullsize' style=' '  ><div   data-size='no scaling'  data-lightbox_size='large'  data-animation='slide'  data-conditional_play=''  data-ids='1170'  data-video_counter='0'  data-autoplay='false'  data-bg_slider='false'  data-slide_height=''  data-handle='av_slideshow_full'  data-interval='5'  data-class=' '  data-el_id=''  data-css_id=''  data-scroll_down=''  data-control_layout='av-control-default'  data-custom_markup=''  data-perma_caption=''  data-autoplay_stopper=''  data-image_attachment=''  data-min_height='0px'  data-src=''  data-position='top left'  data-repeat='no-repeat'  data-attach='scroll'  data-stretch=''  class='avia-slideshow avia-slideshow-1  av-control-default av-default-height-applied avia-slideshow-no scaling av_slideshow_full   avia-slide-slider '  itemprop=\"image\" itemscope=\"itemscope\" itemtype=\"https:\/\/schema.org\/ImageObject\" ><ul class='avia-slideshow-inner ' style='padding-bottom: 28.666666666667%;' ><li  class=' av-single-slide slide-1 ' ><div data-rel='slideshow-1' class='avia-slide-wrap '   ><img src='https:\/\/www.altrich.de\/wp-content\/uploads\/2018\/08\/a-kirche-sommer.jpg' width='1500' height='430' title='a-kirche-sommer' alt=''  itemprop=\"thumbnailUrl\"   \/><\/div><\/li><\/ul><\/div><\/div>\n<div id='av_section_1'  class='avia-section main_color avia-section-default avia-no-border-styling  avia-bg-style-scroll  avia-builder-el-1  el_after_av_slideshow_full  avia-builder-el-last   container_wrap fullsize' style=' '  ><div class='container' ><div class='template-page content  av-content-full alpha units'><div class='post-entry post-entry-type-page post-entry-1276'><div class='entry-content-wrapper clearfix'>\n<div  style='padding-bottom:10px; ' class='av-special-heading av-special-heading-h2  blockquote modern-quote modern-centered  avia-builder-el-2  el_before_av_one_third  avia-builder-el-first  '><h2 class='av-special-heading-tag '  itemprop=\"headline\"  >Gesch\u00e4ftsbereich Bau<\/h2><div class='special-heading-border'><div class='special-heading-inner-border' ><\/div><\/div><\/div>\n<div class=\"flex_column av_one_third  flex_column_div av-zero-column-padding first  avia-builder-el-3  el_after_av_heading  el_before_av_two_third  \" style='border-radius:0px; '><section class=\"av_textblock_section \"  itemscope=\"itemscope\" itemtype=\"https:\/\/schema.org\/CreativeWork\" ><div class='avia_textblock  '   itemprop=\"text\" ><p style=\"text-align: right;\"><a href=\"https:\/\/www.altrich.de\/wp-content\/uploads\/2024\/08\/valerius.jpg\"><img loading=\"lazy\" decoding=\"async\" class=\"alignnone wp-image-2821\" src=\"https:\/\/www.altrich.de\/wp-content\/uploads\/2024\/08\/valerius.jpg\" alt=\"\" width=\"149\" height=\"149\" srcset=\"https:\/\/www.altrich.de\/wp-content\/uploads\/2024\/08\/valerius.jpg 100w, https:\/\/www.altrich.de\/wp-content\/uploads\/2024\/08\/valerius-80x80.jpg 80w, https:\/\/www.altrich.de\/wp-content\/uploads\/2024\/08\/valerius-36x36.jpg 36w\" sizes=\"auto, (max-width: 149px) 100vw, 149px\" \/><\/a><\/p>\n<\/div><\/section><\/div><div class=\"flex_column av_two_third  flex_column_div av-zero-column-padding   avia-builder-el-5  el_after_av_one_third  el_before_av_hr  \" style='border-radius:0px; '><section class=\"av_textblock_section \"  itemscope=\"itemscope\" itemtype=\"https:\/\/schema.org\/CreativeWork\" ><div class='avia_textblock  '   itemprop=\"text\" ><p class=\"bodytext\"><strong>Johannes Valerius, 2. Beigeordneter<\/strong>,<br \/>\nf\u00fchrt eigenverantwortlich den Gesch\u00e4ftsbereich Bau. Die Aussch\u00fcsse &#8222;Bauausschuss&#8220; und\u00a0 &#8222;Forst und Flurbereinigung&#8220; wurden diesem Gesch\u00e4ftsbereich \u00fcbertragen.<\/p>\n<p class=\"bodytext\">Kontaktdaten: Telefon 06571-9535091, <a href=\"mailto:info@altrich.de\">info@altrich.de<\/a><\/p>\n<hr \/>\n<p class=\"bodytext\"><b>Zugeordnete Aufgaben Gesch\u00e4ftsbereich Bau:<\/b><\/p>\n<ul>\n<li>Organisation des Bauhofes<br \/>\nAnsprechpartner f\u00fcr die Gemeindebediensteten<\/li>\n<\/ul>\n<ul>\n<li>Ansprechpartner der Forstverwaltung f\u00fcr den Gemeindewald, Landwirtschaft und Jagdgenossenschaft<\/li>\n<\/ul>\n<ul>\n<li>Altreiahalle<br \/>\nUnterhaltungsma\u00dfnahmen Geb\u00e4ude<br \/>\nUnterhaltungsma\u00dfnahmen Au\u00dfengel\u00e4nde<\/li>\n<\/ul>\n<ul>\n<li>Friedhof<br \/>\nSanierungs- und Neubauma\u00dfnahmen Geb\u00e4ude<br \/>\nSanierungs- und Neubauma\u00dfnahmen Au\u00dfenanlagen<\/li>\n<\/ul>\n<ul>\n<li>Gr\u00fcnanlagen innerhalb der Ortsgemeinde<br \/>\nErneuerungs-, Gestaltungs-, Sanierungs- und Unterhaltungsma\u00dfnahmen<\/li>\n<\/ul>\n<ul>\n<li>Gemeindestra\u00dfen sowie dazugeh\u00f6rige Bauwerke<br \/>\nInstandhaltung und Erneuerungsma\u00dfnahmen<\/li>\n<\/ul>\n<ul>\n<li>Feld und Wirtschaftswege sowie dazugeh\u00f6rige Bauwerke<br \/>\nInstandhaltungs- und Erneuerungsma\u00dfnahmen<\/li>\n<\/ul>\n<\/div><\/section><\/div><div  style=' margin-top:; margin-bottom:10px;'  class='hr hr-custom hr-center hr-icon-no   avia-builder-el-7  el_after_av_two_third  avia-builder-el-last '><span class='hr-inner   inner-border-av-border-none' style=' width:50px;' ><span class='hr-inner-style'><\/span><\/span><\/div>\n\n","protected":false},"excerpt":{"rendered":"","protected":false},"author":1,"featured_media":0,"parent":0,"menu_order":0,"comment_status":"closed","ping_status":"closed","template":"","meta":{"footnotes":""},"class_list":["post-1276","page","type-page","status-publish","hentry"],"_links":{"self":[{"href":"https:\/\/www.altrich.de\/index.php\/wp-json\/wp\/v2\/pages\/1276","targetHints":{"allow":["GET"]}}],"collection":[{"href":"https:\/\/www.altrich.de\/index.php\/wp-json\/wp\/v2\/pages"}],"about":[{"href":"https:\/\/www.altrich.de\/index.php\/wp-json\/wp\/v2\/types\/page"}],"author":[{"embeddable":true,"href":"https:\/\/www.altrich.de\/index.php\/wp-json\/wp\/v2\/users\/1"}],"replies":[{"embeddable":true,"href":"https:\/\/www.altrich.de\/index.php\/wp-json\/wp\/v2\/comments?post=1276"}],"version-history":[{"count":10,"href":"https:\/\/www.altrich.de\/index.php\/wp-json\/wp\/v2\/pages\/1276\/revisions"}],"predecessor-version":[{"id":2848,"href":"https:\/\/www.altrich.de\/index.php\/wp-json\/wp\/v2\/pages\/1276\/revisions\/2848"}],"wp:attachment":[{"href":"https:\/\/www.altrich.de\/index.php\/wp-json\/wp\/v2\/media?parent=1276"}],"curies":[{"name":"wp","href":"https:\/\/api.w.org\/{rel}","templated":true}]}}