{"id":1300,"date":"2018-08-20T15:40:37","date_gmt":"2018-08-20T13:40:37","guid":{"rendered":"http:\/\/staging.altrich.de\/?page_id=1300"},"modified":"2024-05-15T13:57:49","modified_gmt":"2024-05-15T11:57:49","slug":"gemeinderat-verwaltung-2-2-2-2-2-2-2","status":"publish","type":"page","link":"https:\/\/www.altrich.de\/index.php\/gemeinderat-verwaltung-2-2-2-2-2-2-2\/","title":{"rendered":"Stra\u00dfenbeleuchtung"},"content":{"rendered":"<div id='full_slider_1'  class='avia-fullwidth-slider main_color avia-shadow   avia-builder-el-0  el_before_av_section  avia-builder-el-first   container_wrap fullsize' style=' '  ><div   data-size='no scaling'  data-lightbox_size='large'  data-animation='slide'  data-conditional_play=''  data-ids='1170'  data-video_counter='0'  data-autoplay='false'  data-bg_slider='false'  data-slide_height=''  data-handle='av_slideshow_full'  data-interval='5'  data-class=' '  data-el_id=''  data-css_id=''  data-scroll_down=''  data-control_layout='av-control-default'  data-custom_markup=''  data-perma_caption=''  data-autoplay_stopper=''  data-image_attachment=''  data-min_height='0px'  data-src=''  data-position='top left'  data-repeat='no-repeat'  data-attach='scroll'  data-stretch=''  class='avia-slideshow avia-slideshow-1  av-control-default av-default-height-applied avia-slideshow-no scaling av_slideshow_full   avia-slide-slider '  itemprop=\"image\" itemscope=\"itemscope\" itemtype=\"https:\/\/schema.org\/ImageObject\" ><ul class='avia-slideshow-inner ' style='padding-bottom: 28.666666666667%;' ><li  class=' av-single-slide slide-1 ' ><div data-rel='slideshow-1' class='avia-slide-wrap '   ><img src='https:\/\/www.altrich.de\/wp-content\/uploads\/2018\/08\/a-kirche-sommer.jpg' width='1500' height='430' title='a-kirche-sommer' alt=''  itemprop=\"thumbnailUrl\"   \/><\/div><\/li><\/ul><\/div><\/div>\n<div id='av_section_1'  class='avia-section main_color avia-section-default avia-no-border-styling  avia-bg-style-scroll  avia-builder-el-1  el_after_av_slideshow_full  avia-builder-el-last   container_wrap fullsize' style=' '  ><div class='container' ><div class='template-page content  av-content-full alpha units'><div class='post-entry post-entry-type-page post-entry-1300'><div class='entry-content-wrapper clearfix'>\n<div  style='padding-bottom:36px; ' class='av-special-heading av-special-heading-h2  blockquote modern-quote modern-centered  avia-builder-el-2  el_before_av_one_third  avia-builder-el-first  '><h2 class='av-special-heading-tag '  itemprop=\"headline\"  >Stra\u00dfenbeleuchtung<\/h2><div class='special-heading-border'><div class='special-heading-inner-border' ><\/div><\/div><\/div>\n<div class=\"flex_column av_one_third  flex_column_div av-zero-column-padding first  avia-builder-el-3  el_after_av_heading  el_before_av_two_third  \" style='border-radius:0px; '><section class=\"av_textblock_section \"  itemscope=\"itemscope\" itemtype=\"https:\/\/schema.org\/CreativeWork\" ><div class='avia_textblock  '   itemprop=\"text\" ><p><img loading=\"lazy\" decoding=\"async\" class=\"alignnone wp-image-1301\" src=\"https:\/\/www.altrich.de\/wp-content\/uploads\/2018\/08\/Strassenlaterine.jpg\" alt=\"\" width=\"382\" height=\"254\" \/><\/p>\n<\/div><\/section><\/div><div class=\"flex_column av_two_third  flex_column_div av-zero-column-padding   avia-builder-el-5  el_after_av_one_third  el_before_av_hr  \" style='border-radius:0px; '><section class=\"av_textblock_section \"  itemscope=\"itemscope\" itemtype=\"https:\/\/schema.org\/CreativeWork\" ><div class='avia_textblock  '   itemprop=\"text\" ><ul type=\"disc\">\n<li>Ein Stra\u00dfenbeleuchtungsmast wurde umgefahren?<\/li>\n<li>Eine Mastt\u00fcre-\/klappe ist offen oder defekt?<\/li>\n<li>Ein Stra\u00dfenzug ist dunkel?<\/li>\n<li>Eine Kreuzung ist dunkel?<\/li>\n<\/ul>\n<p class=\"bodytext\">Bitte informieren Sie uns in diesen F\u00e4llen telefonisch oder per <a class=\"internal-link\" title=\"\u00d6ffnet internen Link im aktuellen Fenster\" href=\"mailto:info@altrich.de\" target=\"_blank\" rel=\"noopener noreferrer\">Email<\/a>, damit wir die St\u00f6rung schnellstm\u00f6glich an die Verantwortlichen weitergeben k\u00f6nnen.<\/p>\n<ul type=\"disc\">\n<li><b>Eine einzelne Leuchte ist defekt?<\/b><\/li>\n<\/ul>\n<p class=\"bodytext\">Nutzen Sie die M\u00f6glichkeit, Westnetz online \u00fcber den Schaden zu informieren.<\/p>\n<p class=\"bodytext\"><a class=\"external-link-new-window\" title=\"\u00d6ffnet externen Link in neuem Fenster\" href=\"https:\/\/helios.westenergie.de\/app\/\" target=\"_blank\" rel=\"noopener noreferrer\">Neue St\u00f6rung &#8222;Stra\u00dfenbeleuchtung&#8220; melden<\/a><\/p>\n<p class=\"bodytext\">Bei sonstiger Stromst\u00f6rung: 0800 4112244<\/p>\n<p class=\"bodytext\">Vielen Dank.<\/p>\n<\/div><\/section><\/div><div  style=' margin-top:; margin-bottom:10px;'  class='hr hr-custom hr-center hr-icon-no   avia-builder-el-7  el_after_av_two_third  avia-builder-el-last '><span class='hr-inner   inner-border-av-border-none' style=' width:50px;' ><span class='hr-inner-style'><\/span><\/span><\/div>\n\n","protected":false},"excerpt":{"rendered":"","protected":false},"author":1,"featured_media":0,"parent":0,"menu_order":0,"comment_status":"closed","ping_status":"closed","template":"","meta":{"footnotes":""},"class_list":["post-1300","page","type-page","status-publish","hentry"],"_links":{"self":[{"href":"https:\/\/www.altrich.de\/index.php\/wp-json\/wp\/v2\/pages\/1300","targetHints":{"allow":["GET"]}}],"collection":[{"href":"https:\/\/www.altrich.de\/index.php\/wp-json\/wp\/v2\/pages"}],"about":[{"href":"https:\/\/www.altrich.de\/index.php\/wp-json\/wp\/v2\/types\/page"}],"author":[{"embeddable":true,"href":"https:\/\/www.altrich.de\/index.php\/wp-json\/wp\/v2\/users\/1"}],"replies":[{"embeddable":true,"href":"https:\/\/www.altrich.de\/index.php\/wp-json\/wp\/v2\/comments?post=1300"}],"version-history":[{"count":7,"href":"https:\/\/www.altrich.de\/index.php\/wp-json\/wp\/v2\/pages\/1300\/revisions"}],"predecessor-version":[{"id":2793,"href":"https:\/\/www.altrich.de\/index.php\/wp-json\/wp\/v2\/pages\/1300\/revisions\/2793"}],"wp:attachment":[{"href":"https:\/\/www.altrich.de\/index.php\/wp-json\/wp\/v2\/media?parent=1300"}],"curies":[{"name":"wp","href":"https:\/\/api.w.org\/{rel}","templated":true}]}}