{"id":1902,"date":"2018-10-25T13:29:30","date_gmt":"2018-10-25T11:29:30","guid":{"rendered":"http:\/\/staging.altrich.de\/?page_id=1902"},"modified":"2023-03-28T09:00:04","modified_gmt":"2023-03-28T07:00:04","slug":"maennergesangverein-2","status":"publish","type":"page","link":"https:\/\/www.altrich.de\/index.php\/maennergesangverein-2\/","title":{"rendered":"Altricher M\u00f6hnen"},"content":{"rendered":"<div id='full_slider_1'  class='avia-fullwidth-slider main_color avia-shadow   avia-builder-el-0  el_before_av_section  avia-builder-el-first   container_wrap fullsize' style=' '  ><div   data-size='featured'  data-lightbox_size='large'  data-animation='slide'  data-conditional_play=''  data-ids='1170'  data-video_counter='0'  data-autoplay='false'  data-bg_slider='false'  data-slide_height=''  data-handle='av_slideshow_full'  data-interval='5'  data-class=' '  data-el_id=''  data-css_id=''  data-scroll_down=''  data-control_layout='av-control-default'  data-custom_markup=''  data-perma_caption=''  data-autoplay_stopper=''  data-image_attachment=''  data-min_height='0px'  data-src=''  data-position='top left'  data-repeat='no-repeat'  data-attach='scroll'  data-stretch=''  data-default-height='28.666666666667'  class='avia-slideshow avia-slideshow-1  av-control-default av-default-height-applied avia-slideshow-featured av_slideshow_full   avia-slide-slider '  itemprop=\"image\" itemscope=\"itemscope\" itemtype=\"https:\/\/schema.org\/ImageObject\" ><ul class='avia-slideshow-inner ' style='padding-bottom: 28.666666666667%;' ><li  class=' av-single-slide slide-1 ' ><div data-rel='slideshow-1' class='avia-slide-wrap '   ><img src='https:\/\/www.altrich.de\/wp-content\/uploads\/2018\/08\/a-kirche-sommer.jpg' width='1500' height='430' title='a-kirche-sommer' alt=''  itemprop=\"thumbnailUrl\"   \/><\/div><\/li><\/ul><\/div><\/div>\n<div id='av_section_1'  class='avia-section main_color avia-section-default avia-no-shadow  avia-bg-style-scroll  avia-builder-el-1  el_after_av_slideshow_full  avia-builder-el-last   container_wrap fullsize' style=' '  ><div class='container' ><div class='template-page content  av-content-full alpha units'><div class='post-entry post-entry-type-page post-entry-1902'><div class='entry-content-wrapper clearfix'>\n<div  style='padding-bottom:10px; ' class='av-special-heading av-special-heading-h2  blockquote modern-quote modern-centered  avia-builder-el-2  el_before_av_one_third  avia-builder-el-first  '><h2 class='av-special-heading-tag '  itemprop=\"headline\"  >Altricher M\u00f6hnen<\/h2><div class='special-heading-border'><div class='special-heading-inner-border' ><\/div><\/div><\/div>\n<div class=\"flex_column av_one_third  flex_column_div av-zero-column-padding first  avia-builder-el-3  el_after_av_heading  el_before_av_two_third  \" style='border-radius:0px; '><section class=\"av_textblock_section \"  itemscope=\"itemscope\" itemtype=\"https:\/\/schema.org\/CreativeWork\" ><div class='avia_textblock  '   itemprop=\"text\" ><p class=\"bodytext\"><span style=\"font-size: 18pt;\"><b>Altricher M\u00f6hnen 1970 e.V.<\/b>\u00a0<\/span><\/p>\n<p class=\"bodytext\">Jedes Jahr veranstalten wir eine <b>gro\u00dfe M\u00f6hnensitzung<\/b>, 2 Wochen vor dem Fastnachtswochenende. Bereits am Sonntag vorher findet der Traditionelle <b>Bunte Nachmittag<\/b> im Mehrzweckbereich der Altreiahalle statt. An beiden Veranstaltungen pr\u00e4sentieren wir unser karnevalistisches Showprogramm mit B\u00fcttenreden, Sketchen und T\u00e4nzen.<\/p>\n<\/div><\/section><\/div><div class=\"flex_column av_two_third  flex_column_div av-zero-column-padding   avia-builder-el-5  el_after_av_one_third  avia-builder-el-last  \" style='border-radius:0px; '><section class=\"av_textblock_section \"  itemscope=\"itemscope\" itemtype=\"https:\/\/schema.org\/CreativeWork\" ><div class='avia_textblock  '   itemprop=\"text\" ><div id=\"c114\" class=\"csc-default\">\n<p>Am <strong>Weiberdonnerstag <\/strong>treffen wir uns zum traditionellen Zug durch die Ortsgemeinde u.a. mit Einkehr in KITA und Grundschule.<\/p>\n<p><strong>Unser gemeinn\u00fctziger Verein hat es sich zur Aufgabe gemacht, die fastnachtlichen Br\u00e4uche in Altrich zu pflegen und zu erhalten<\/strong>.<\/p>\n<p>Dennoch sind es nicht nur die Karnevalstage, an denen wir aktiv sind, vielmehr gibt es das ganze Jahr hindurch weitere Veranstaltungen und Events, an denen die M\u00f6hnen aktiv mitwirken. Zurzeit haben die M\u00f6hnen 36 \u2013 <strong>ausschlie\u00dflich aktive \u2013 Mitglieder.<\/strong><\/p>\n<div class=\"csc-textpic-text\">\n<p class=\"bodytext\"><b>Unser gemeinn\u00fctziger Verein hat es sich zur Aufgabe gemacht, die fastnachtlichen Br\u00e4uche in Altrich zu pflegen und zu erhalten.<\/b><\/p>\n<p class=\"bodytext\">Dennoch sind es nicht nur die Karnevalstage, an denen wir sehr mobil sind, vielmehr gibt es das ganze Jahr hindurch weitere Veranstaltungen und Events, an denen die M\u00f6hnen aktiv mitwirken.\u00a0\u00a0Zur Zeit haben die M\u00f6hnen 35 &#8211;\u00a0 <b>ausschlie\u00dflich aktive &#8211; Mitglieder.<\/b><\/p>\n<p class=\"bodytext\"><b>Altricher M\u00f6hnen 1970 e.V.<\/b><\/p>\n<p class=\"bodytext\"><b>Unser Vorstand:<\/b><\/p>\n<table class=\"contenttable\" style=\"width: 421px;\">\n<tbody>\n<tr>\n<td style=\"width: 247.617px;\">Petra Kappes-Arent<\/td>\n<td style=\"width: 157.383px;\">Oberm\u00f6hn<\/td>\n<\/tr>\n<tr>\n<td style=\"width: 247.617px;\">Andrea Rusch<\/td>\n<td style=\"width: 157.383px;\">Vizem\u00f6hn<\/td>\n<\/tr>\n<tr>\n<td style=\"width: 247.617px;\">Tanja Oppitz<\/td>\n<td style=\"width: 157.383px;\">1. Schriftf\u00fchrerin<\/td>\n<\/tr>\n<tr>\n<td style=\"width: 247.617px;\">Kathrin Wagner<\/td>\n<td style=\"width: 157.383px;\">2. Schriftf\u00fchrerin<\/td>\n<\/tr>\n<tr>\n<td style=\"width: 247.617px;\">Lea Mischler<\/td>\n<td style=\"width: 157.383px;\">1. Kassiererin<\/td>\n<\/tr>\n<tr>\n<td style=\"width: 247.617px;\">Sarah K\u00f6lsch<\/td>\n<td style=\"width: 157.383px;\">2. Kassiererin<\/td>\n<\/tr>\n<tr>\n<td style=\"width: 247.617px;\">Susanne Arent<\/td>\n<td style=\"width: 157.383px;\">Beisitzerin<\/td>\n<\/tr>\n<\/tbody>\n<\/table>\n<p class=\"bodytext\"><b>Hinweis:<\/b><\/p>\n<p class=\"bodytext\">Gerne sind wir auch bereit, mit anderen M\u00f6hnen- oder Karnevalsvereinen B\u00fcttenreden, Sketche, Vortr\u00e4ge oder \u00e4hnl. zu tauschen. Bei Interesse bitte Kontakt per Email: <a href=\"mailto:Petra.kappes@kappes-bau.de\">petra.kappes@kappes-bau.de<\/a><\/p>\n<\/div>\n<\/div>\n<div id=\"c128\" class=\"csc-default\">\n<div class=\"csc-header csc-header-n2\">\n<h1>Alle unter einem Hut<\/h1>\n<\/div>\n<\/div>\n<\/div><\/section><\/div>\n","protected":false},"excerpt":{"rendered":"","protected":false},"author":1,"featured_media":0,"parent":0,"menu_order":0,"comment_status":"closed","ping_status":"closed","template":"","meta":{"footnotes":""},"class_list":["post-1902","page","type-page","status-publish","hentry"],"_links":{"self":[{"href":"https:\/\/www.altrich.de\/index.php\/wp-json\/wp\/v2\/pages\/1902","targetHints":{"allow":["GET"]}}],"collection":[{"href":"https:\/\/www.altrich.de\/index.php\/wp-json\/wp\/v2\/pages"}],"about":[{"href":"https:\/\/www.altrich.de\/index.php\/wp-json\/wp\/v2\/types\/page"}],"author":[{"embeddable":true,"href":"https:\/\/www.altrich.de\/index.php\/wp-json\/wp\/v2\/users\/1"}],"replies":[{"embeddable":true,"href":"https:\/\/www.altrich.de\/index.php\/wp-json\/wp\/v2\/comments?post=1902"}],"version-history":[{"count":7,"href":"https:\/\/www.altrich.de\/index.php\/wp-json\/wp\/v2\/pages\/1902\/revisions"}],"predecessor-version":[{"id":2689,"href":"https:\/\/www.altrich.de\/index.php\/wp-json\/wp\/v2\/pages\/1902\/revisions\/2689"}],"wp:attachment":[{"href":"https:\/\/www.altrich.de\/index.php\/wp-json\/wp\/v2\/media?parent=1902"}],"curies":[{"name":"wp","href":"https:\/\/api.w.org\/{rel}","templated":true}]}}