{"id":1905,"date":"2018-10-25T13:30:43","date_gmt":"2018-10-25T11:30:43","guid":{"rendered":"http:\/\/staging.altrich.de\/?page_id=1905"},"modified":"2018-11-27T16:32:20","modified_gmt":"2018-11-27T15:32:20","slug":"maennergesangverein-2-2","status":"publish","type":"page","link":"https:\/\/www.altrich.de\/index.php\/maennergesangverein-2-2\/","title":{"rendered":"Kirchenchor Altrich"},"content":{"rendered":"<div id='full_slider_1'  class='avia-fullwidth-slider main_color avia-shadow   avia-builder-el-0  el_before_av_section  avia-builder-el-first   container_wrap fullsize' style=' '  ><div   data-size='featured'  data-lightbox_size='large'  data-animation='slide'  data-conditional_play=''  data-ids='1170'  data-video_counter='0'  data-autoplay='false'  data-bg_slider='false'  data-slide_height=''  data-handle='av_slideshow_full'  data-interval='5'  data-class=' '  data-el_id=''  data-css_id=''  data-scroll_down=''  data-control_layout='av-control-default'  data-custom_markup=''  data-perma_caption=''  data-autoplay_stopper=''  data-image_attachment=''  data-min_height='0px'  data-src=''  data-position='top left'  data-repeat='no-repeat'  data-attach='scroll'  data-stretch=''  data-default-height='28.666666666667'  class='avia-slideshow avia-slideshow-1  av-control-default av-default-height-applied avia-slideshow-featured av_slideshow_full   avia-slide-slider '  itemprop=\"image\" itemscope=\"itemscope\" itemtype=\"https:\/\/schema.org\/ImageObject\" ><ul class='avia-slideshow-inner ' style='padding-bottom: 28.666666666667%;' ><li  class=' av-single-slide slide-1 ' ><div data-rel='slideshow-1' class='avia-slide-wrap '   ><img src='https:\/\/www.altrich.de\/wp-content\/uploads\/2018\/08\/a-kirche-sommer.jpg' width='1500' height='430' title='a-kirche-sommer' alt=''  itemprop=\"thumbnailUrl\"   \/><\/div><\/li><\/ul><\/div><\/div>\n<div id='av_section_1'  class='avia-section main_color avia-section-default avia-no-shadow  avia-bg-style-scroll  avia-builder-el-1  el_after_av_slideshow_full  avia-builder-el-last   container_wrap fullsize' style=' '  ><div class='container' ><div class='template-page content  av-content-full alpha units'><div class='post-entry post-entry-type-page post-entry-1905'><div class='entry-content-wrapper clearfix'>\n<div  style='padding-bottom:10px; ' class='av-special-heading av-special-heading-h2  blockquote modern-quote modern-centered  avia-builder-el-2  el_before_av_one_third  avia-builder-el-first  '><h2 class='av-special-heading-tag '  itemprop=\"headline\"  >Kirchenchor Altrich<\/h2><div class='special-heading-border'><div class='special-heading-inner-border' ><\/div><\/div><\/div>\n<div class=\"flex_column av_one_third  flex_column_div av-zero-column-padding first  avia-builder-el-3  el_after_av_heading  el_before_av_two_third  \" style='border-radius:0px; '><section class=\"av_textblock_section \"  itemscope=\"itemscope\" itemtype=\"https:\/\/schema.org\/CreativeWork\" ><div class='avia_textblock  '   itemprop=\"text\" ><p class=\"bodytext\"><b><i>WIR \u00dcBER UNS:<\/i><\/b><\/p>\n<p class=\"bodytext\">Unserer Chorgemeinschaft geh\u00f6ren zurzeit 30 aktive S\u00e4ngerinnen und S\u00e4nger an:<\/p>\n<p class=\"bodytext\">\u00b7\u00a0\u00a0\u00a0\u00a0\u00a0\u00a0 11 Sopranistinnen<\/p>\n<p class=\"bodytext\">\u00b7\u00a0 \u00a0 \u00a0 \u00a07 Altistinnen<\/p>\n<p class=\"bodytext\">\u00b7\u00a0\u00a0\u00a0\u00a0\u00a0\u00a0 5 Ten\u00f6re und<\/p>\n<p class=\"bodytext\">\u00b7\u00a0 \u00a0 \u00a0 \u00a07 B\u00e4sse<\/p>\n<\/div><\/section><\/div><div class=\"flex_column av_two_third  flex_column_div av-zero-column-padding   avia-builder-el-5  el_after_av_one_third  avia-builder-el-last  \" style='border-radius:0px; '><section class=\"av_textblock_section \"  itemscope=\"itemscope\" itemtype=\"https:\/\/schema.org\/CreativeWork\" ><div class='avia_textblock  '   itemprop=\"text\" ><div class=\"csc-header csc-header-n1\"><\/div>\n<p class=\"bodytext\">Das Repertoire ist vielf\u00e4ltig, gesungen wird fast alles:<\/p>\n<ul type=\"disc\">\n<li>Lateinische und deutsche Messordinarien<\/li>\n<li>Motetten<\/li>\n<li>geistliche Ges\u00e4nge von der Gregorianik bis hin zum englischen Gospelsong<\/li>\n<li>hin und wieder auch weltliches Liedgut.<\/li>\n<\/ul>\n<p class=\"bodytext\"><b><i>SIE H\u00d6REN UNS:<\/i><\/b><\/p>\n<p class=\"bodytext\">Der Kirchchor wirkt vorrangig bei der Gestaltung der Festgottesdienste an hohen kirchlichen Feiertagen (Weihnachten, Ostern, Pfingsten u.a.), aber auch bei Jubelhochzeiten und sonstigen Gottesdiensten in Altrich mit.<\/p>\n<p class=\"bodytext\">Besondere H\u00f6hepunkte stellen die kirchenmusikalischen Konzerte dar, die der Chor in regelm\u00e4\u00dfigen Abst\u00e4nden pr\u00e4sentiert.<\/p>\n<p class=\"bodytext\"><b><i>SING MIT UNS:<\/i><\/b><\/p>\n<p class=\"bodytext\">Wenn Sie erleben m\u00f6chten, wie aktuell Kirchenmusik sein kann und Sie Freu(n)de in einer geselligen Runde finden wollen, singen Sie mit. Jeden Dienstag treffen wir uns um 20.00 Uhr im Pfarrheim in Altrich und proben unter Leitung unserer Dirigentin Gabriela Schwabauer.<\/p>\n<p class=\"bodytext\">Wir freuen uns sehr, wenn Sie zum Schnuppern kommen, keine\/r muss vorsingen \u2013 nur Lust und Freude an der Musik sollten Sie mitbringen.<\/p>\n<p class=\"bodytext\">Sind Sie interessiert?\u00a0Sie sind jederzeit herzlich willkommen.<\/p>\n<p class=\"bodytext\"><b>Ansprechpartnerin<\/b>:\u00a0\u00a0 \u00a0 \u00a0\u00a0 Martina Arent<br \/>\nAckerpfad 17<br \/>\n54518 Altrich<br \/>\nTel. 06571\/2825<br \/>\nmartina.arent@outlook.de<\/p>\n<\/div><\/section><\/div>\n","protected":false},"excerpt":{"rendered":"","protected":false},"author":1,"featured_media":0,"parent":0,"menu_order":0,"comment_status":"closed","ping_status":"closed","template":"","meta":{"footnotes":""},"class_list":["post-1905","page","type-page","status-publish","hentry"],"_links":{"self":[{"href":"https:\/\/www.altrich.de\/index.php\/wp-json\/wp\/v2\/pages\/1905","targetHints":{"allow":["GET"]}}],"collection":[{"href":"https:\/\/www.altrich.de\/index.php\/wp-json\/wp\/v2\/pages"}],"about":[{"href":"https:\/\/www.altrich.de\/index.php\/wp-json\/wp\/v2\/types\/page"}],"author":[{"embeddable":true,"href":"https:\/\/www.altrich.de\/index.php\/wp-json\/wp\/v2\/users\/1"}],"replies":[{"embeddable":true,"href":"https:\/\/www.altrich.de\/index.php\/wp-json\/wp\/v2\/comments?post=1905"}],"version-history":[{"count":3,"href":"https:\/\/www.altrich.de\/index.php\/wp-json\/wp\/v2\/pages\/1905\/revisions"}],"predecessor-version":[{"id":2071,"href":"https:\/\/www.altrich.de\/index.php\/wp-json\/wp\/v2\/pages\/1905\/revisions\/2071"}],"wp:attachment":[{"href":"https:\/\/www.altrich.de\/index.php\/wp-json\/wp\/v2\/media?parent=1905"}],"curies":[{"name":"wp","href":"https:\/\/api.w.org\/{rel}","templated":true}]}}