{"id":754,"date":"2018-04-16T15:02:47","date_gmt":"2018-04-16T13:02:47","guid":{"rendered":"http:\/\/staging.altrich.de\/?page_id=754"},"modified":"2025-07-24T08:11:55","modified_gmt":"2025-07-24T06:11:55","slug":"vereine","status":"publish","type":"page","link":"https:\/\/www.altrich.de\/index.php\/vereine\/","title":{"rendered":"Vereine"},"content":{"rendered":"<div id='full_slider_1'  class='avia-fullwidth-slider main_color avia-shadow   avia-builder-el-0  el_before_av_section  avia-builder-el-first   container_wrap fullsize' style=' '  ><div   data-size='featured'  data-lightbox_size='large'  data-animation='slide'  data-conditional_play=''  data-ids='1055'  data-video_counter='0'  data-autoplay='false'  data-bg_slider='false'  data-slide_height=''  data-handle='av_slideshow_full'  data-interval='5'  data-class=' '  data-el_id=''  data-css_id=''  data-scroll_down=''  data-control_layout='av-control-default'  data-custom_markup=''  data-perma_caption=''  data-autoplay_stopper=''  data-image_attachment=''  data-min_height='0px'  data-src=''  data-position='top left'  data-repeat='no-repeat'  data-attach='scroll'  data-stretch=''  data-default-height='28.666666666667'  class='avia-slideshow avia-slideshow-1  av-control-default av-default-height-applied avia-slideshow-featured av_slideshow_full   avia-slide-slider '  itemprop=\"image\" itemscope=\"itemscope\" itemtype=\"https:\/\/schema.org\/ImageObject\" ><ul class='avia-slideshow-inner ' style='padding-bottom: 28.666666666667%;' ><li  class=' av-single-slide slide-1 ' ><div data-rel='slideshow-1' class='avia-slide-wrap '   ><img src='https:\/\/www.altrich.de\/wp-content\/uploads\/2018\/06\/sport-1500x430.jpg' width='1500' height='430' title='sport' alt=''  itemprop=\"thumbnailUrl\"   \/><\/div><\/li><\/ul><\/div><\/div>\n<div id='av_section_1'  class='avia-section main_color avia-section-default avia-no-shadow  avia-bg-style-scroll  avia-builder-el-1  el_after_av_slideshow_full  el_before_av_section   container_wrap fullsize' style=' '  ><div class='container' ><div class='template-page content  av-content-full alpha units'><div class='post-entry post-entry-type-page post-entry-754'><div class='entry-content-wrapper clearfix'>\n<div  style='padding-bottom:10px; ' class='av-special-heading av-special-heading-h2  blockquote modern-quote modern-centered  avia-builder-el-2  el_before_av_two_fifth  avia-builder-el-first  '><h2 class='av-special-heading-tag '  itemprop=\"headline\"  >Die Altricher Vereine<\/h2><div class='special-heading-border'><div class='special-heading-inner-border' ><\/div><\/div><\/div>\n<div class=\"flex_column av_two_fifth  flex_column_div av-zero-column-padding first  avia-builder-el-3  el_after_av_heading  el_before_av_three_fifth  \" style='border-radius:0px; '><section class=\"av_textblock_section \"  itemscope=\"itemscope\" itemtype=\"https:\/\/schema.org\/CreativeWork\" ><div class='avia_textblock  '   itemprop=\"text\" ><p class=\"bodytext\">Die Vereine pr\u00e4gen das Dorfleben und freuen sich \u00fcber neue Mitglieder. Ob Sie es nun lieber sportlich oder musikalisch m\u00f6gen oder doch lieber die gemeinn\u00fctzigen\u00a0\u00a0Dienste unserer Gemeinde mit unterst\u00fctzen wollen, Altrich bietet f\u00fcr jeden das Passende.<\/p>\n<p><img loading=\"lazy\" decoding=\"async\" class=\"alignnone size-full wp-image-1891\" src=\"https:\/\/www.altrich.de\/wp-content\/uploads\/2018\/10\/Vereinsbaum_2.jpg\" alt=\"\" width=\"600\" height=\"800\" srcset=\"https:\/\/www.altrich.de\/wp-content\/uploads\/2018\/10\/Vereinsbaum_2.jpg 600w, https:\/\/www.altrich.de\/wp-content\/uploads\/2018\/10\/Vereinsbaum_2-225x300.jpg 225w, https:\/\/www.altrich.de\/wp-content\/uploads\/2018\/10\/Vereinsbaum_2-529x705.jpg 529w, https:\/\/www.altrich.de\/wp-content\/uploads\/2018\/10\/Vereinsbaum_2-450x600.jpg 450w\" sizes=\"auto, (max-width: 600px) 100vw, 600px\" \/><\/p>\n<p class=\"bodytext\">Engagieren Sie sich in einem oder auch\u00a0mehreren Vereinen und beteiligen Sie sich so aktiv am Dorfleben und Miteinander. Aber auch durch das Besuchen der Veranstaltungen unterst\u00fctzen Sie die Vereine. Informieren Sie sich hier \u00fcber geplante Veranstaltungen.<\/p>\n<hr \/>\n<p class=\"bodytext\"><strong>Die Brosch\u00fcre der Altricher Vereine<br \/>\nk\u00f6nnen Sie <a href=\"https:\/\/www.altrich.de\/?page_id=754#pdf1\"><span style=\"text-decoration: underline;\">hier anschauen<\/span><\/a><\/strong>\u00a0 <a href=\"https:\/\/www.altrich.de\/?page_id=754#pdf1\"><i class=\"fa fa-stack-overflow \" ><\/i><\/a><\/p>\n<\/div><\/section><\/div><div class=\"flex_column av_three_fifth  flex_column_div av-zero-column-padding   avia-builder-el-5  el_after_av_two_fifth  avia-builder-el-last  \" style='border-radius:0px; '><section class=\"av_textblock_section \"  itemscope=\"itemscope\" itemtype=\"https:\/\/schema.org\/CreativeWork\" ><div class='avia_textblock  '   itemprop=\"text\" ><div class=\"wc-shortcodes-row wc-shortcodes-item wc-shortcodes-clearfix\">\n<div class=\"wc-shortcodes-column wc-shortcodes-content wc-shortcodes-one-fourth wc-shortcodes-column-first \">\n<p><img loading=\"lazy\" decoding=\"async\" class=\"alignnone wp-image-2581 size-full\" src=\"https:\/\/www.altrich.de\/wp-content\/uploads\/2022\/03\/Altreia-Chor.jpg\" alt=\"\" width=\"100\" height=\"75\" \/><\/p>\n<\/div>\n<div class=\"wc-shortcodes-column wc-shortcodes-content wc-shortcodes-three-fourth wc-shortcodes-column-last \">\n<p><strong>Altreia Chor<\/strong><br \/>\nAnsprechpartner: Karl-Josef Surges<br \/>\nTel. 06571-2115<br \/>\nMail: <a href=\"mailto:Surges.Altrich@t-online.de\">Surges.Altrich@t-online.de<\/a><br \/>\n<a href=\"https:\/\/www.altrich.de\/?page_id=1895\" target=\"_blank\" rel=\"noopener\">zur Website* <i class=\"fa fa-external-link \" ><\/i><\/a><\/p>\n<\/div>\n<hr \/>\n<div class=\"wc-shortcodes-column wc-shortcodes-content wc-shortcodes-one-fourth wc-shortcodes-column-first \">\n<p><img loading=\"lazy\" decoding=\"async\" class=\"alignnone size-full wp-image-1139\" src=\"https:\/\/www.altrich.de\/wp-content\/uploads\/2018\/08\/csm_Moehnen_Hut_b9ef6c87ad.jpg\" alt=\"\" width=\"100\" height=\"75\" \/><\/p>\n<\/div>\n<div class=\"wc-shortcodes-column wc-shortcodes-content wc-shortcodes-three-fourth wc-shortcodes-column-last \">\n<p><strong>Altricher M\u00f6hnen<\/strong><br \/>\nAnsprechpartner\/in: Lea Michler (Oberm\u00f6hne)<br \/>\n<a href=\"https:\/\/www.altrich.de\/?page_id=1902\" target=\"_blank\" rel=\"noopener\">zur Website* <i class=\"fa fa-external-link \" ><\/i><\/a><\/p>\n<\/div>\n<hr \/>\n<div class=\"wc-shortcodes-column wc-shortcodes-content wc-shortcodes-one-fourth wc-shortcodes-column-first \">\n<p><img loading=\"lazy\" decoding=\"async\" class=\"alignnone size-full wp-image-1138\" src=\"https:\/\/www.altrich.de\/wp-content\/uploads\/2018\/08\/csm_svlogo_sbp_7656e690a0.gif\" alt=\"\" width=\"100\" height=\"75\" \/><\/p>\n<\/div>\n<div class=\"wc-shortcodes-column wc-shortcodes-content wc-shortcodes-three-fourth wc-shortcodes-column-last \">\n<p><strong>Sportverein Altrich<\/strong><br \/>\nAnsprechpartner\/in: Werner Kappes<br \/>\n<a href=\"http:\/\/www.sv-altrich.de\/\" target=\"_blank\" rel=\"noopener\">zur Website* <i class=\"fa fa-external-link \" ><\/i><\/a><\/p>\n<\/div>\n<hr \/>\n<div class=\"wc-shortcodes-column wc-shortcodes-content wc-shortcodes-one-fourth wc-shortcodes-column-first \">\n<p><img loading=\"lazy\" decoding=\"async\" class=\"alignnone size-full wp-image-1141\" src=\"https:\/\/www.altrich.de\/wp-content\/uploads\/2018\/08\/csm_Chor_neu1_01_3cb2d28d69.jpg\" alt=\"\" width=\"100\" height=\"75\" \/><\/p>\n<\/div>\n<div class=\"wc-shortcodes-column wc-shortcodes-content wc-shortcodes-three-fourth wc-shortcodes-column-last \">\n<p><strong>Kirchenchor Altrich<\/strong><br \/>\nAnsprechpartner\/in: Thomas Lehnert<br \/>\n<a href=\"https:\/\/www.altrich.de\/?page_id=1905\" target=\"_blank\" rel=\"noopener\">zur Website* <i class=\"fa fa-external-link \" ><\/i><\/a><\/p>\n<\/div>\n<hr \/>\n<div class=\"wc-shortcodes-column wc-shortcodes-content wc-shortcodes-one-fourth wc-shortcodes-column-first \">\n<p><img loading=\"lazy\" decoding=\"async\" class=\"alignnone size-full wp-image-1146\" src=\"https:\/\/www.altrich.de\/wp-content\/uploads\/2018\/08\/csm_Frauengespraechskreis_1b19e0728b.gif\" alt=\"\" width=\"100\" height=\"75\" \/><\/p>\n<\/div>\n<div class=\"wc-shortcodes-column wc-shortcodes-content wc-shortcodes-three-fourth wc-shortcodes-column-last \">\n<p><b>Frauengespr\u00e4chskreis<\/b><br \/>\nAnsprechpartner\/in: Christel Alt<br \/>\n<a href=\"https:\/\/www.altrich.de\/?page_id=1908\" target=\"_blank\" rel=\"noopener\">zur Website* <i class=\"fa fa-external-link \" ><\/i><\/a><\/p>\n<\/div>\n<hr \/>\n<div class=\"wc-shortcodes-column wc-shortcodes-content wc-shortcodes-one-fourth wc-shortcodes-column-first \">\n<p><img loading=\"lazy\" decoding=\"async\" class=\"alignnone size-full wp-image-1147\" src=\"https:\/\/www.altrich.de\/wp-content\/uploads\/2018\/08\/csm_Frauengemeinschaft_609eb08c4e.jpg\" alt=\"\" width=\"100\" height=\"75\" \/><\/p>\n<\/div>\n<div class=\"wc-shortcodes-column wc-shortcodes-content wc-shortcodes-three-fourth wc-shortcodes-column-last \">\n<p><b>Frauengemeinschaft Altrich<\/b><br \/>\nAnsprechpartner\/in: Elisabeth Schneider<br \/>\n<a href=\"https:\/\/www.altrich.de\/?page_id=1911\" target=\"_blank\" rel=\"noopener\">zur Website* <i class=\"fa fa-external-link \" ><\/i><\/a><\/p>\n<\/div>\n<hr \/>\n<div class=\"wc-shortcodes-column wc-shortcodes-content wc-shortcodes-one-fourth wc-shortcodes-column-first \">\n<p><img loading=\"lazy\" decoding=\"async\" class=\"alignnone size-full wp-image-1143\" src=\"https:\/\/www.altrich.de\/wp-content\/uploads\/2018\/08\/csm_Feuerwehr_Logo_Startseite_01_38927c4ed1.jpg\" alt=\"\" width=\"100\" height=\"75\" \/><\/p>\n<\/div>\n<div class=\"wc-shortcodes-column wc-shortcodes-content wc-shortcodes-three-fourth wc-shortcodes-column-last \">\n<p><b>Freiwillige Feuerwehr Altrich<\/b><br \/>\nAnsprechpartner\/in: Henning Benz<br \/>\n<a href=\"http:\/\/www.ffw-altrich.de\/\" target=\"_blank\" rel=\"noopener\">zur Website* <i class=\"fa fa-external-link \" ><\/i><\/a><\/p>\n<\/div>\n<hr \/>\n<div class=\"wc-shortcodes-column wc-shortcodes-content wc-shortcodes-one-fourth wc-shortcodes-column-first \">\n<p><img loading=\"lazy\" decoding=\"async\" class=\"alignnone size-full wp-image-1144\" src=\"https:\/\/www.altrich.de\/wp-content\/uploads\/2018\/08\/csm_Musikverein_Startseite_b1a02f6965.jpg\" alt=\"\" width=\"100\" height=\"75\" \/><\/p>\n<\/div>\n<div class=\"wc-shortcodes-column wc-shortcodes-content wc-shortcodes-three-fourth wc-shortcodes-column-last \">\n<p><b>Musikverein Altrich<\/b><br \/>\nAnsprechpartner\/in: Stefan Wagner<br \/>\n<a href=\"http:\/\/www.musikverein-altrich.de\/\" target=\"_blank\" rel=\"noopener\">zur Website* <i class=\"fa fa-external-link \" ><\/i><\/a><\/p>\n<\/div>\n<hr \/>\n<div class=\"wc-shortcodes-column wc-shortcodes-content wc-shortcodes-one-fourth wc-shortcodes-column-first \">\n<p><img loading=\"lazy\" decoding=\"async\" class=\"alignnone size-full wp-image-1145\" src=\"https:\/\/www.altrich.de\/wp-content\/uploads\/2018\/08\/csm_TC_Startseite_07e16142d2.jpg\" alt=\"\" width=\"100\" height=\"75\" \/><\/p>\n<\/div>\n<div class=\"wc-shortcodes-column wc-shortcodes-content wc-shortcodes-three-fourth wc-shortcodes-column-last \">\n<p><b>TC Altrich<\/b><br \/>\nAnsprechpartner\/in: Uwe Knop<br \/>\n<a href=\"http:\/\/www.tc-altrich.de\/\" target=\"_blank\" rel=\"noopener\">zur Website* <i class=\"fa fa-external-link \" ><\/i><\/a><\/p>\n<\/div>\n<\/div>\n<hr \/>\n<h6>*Sie werden bei den Links mit den WebSites der Altricher Vereine verbunden. Dadurch werden Ihre IP und evtl. weitere Daten an den Betreiber der Seite \u00fcbertragen. Diese k\u00f6nnen dort ausgewertet, gespeichert und weiter verwendet werden. Wenn Sie auf den Link klicken, sind Sie damit einverstanden. Wir haben auf die weitere Verwendung Ihrer pers\u00f6nlichen Daten bei der Zieladresse keinen Einfluss.<\/h6>\n<\/div><\/section><\/div><\/div><\/div><\/div><!-- close content main div --><\/div><\/div><div id='av_section_2'  class='avia-section main_color avia-section-default avia-no-shadow  avia-bg-style-scroll  avia-builder-el-7  el_after_av_section  avia-builder-el-last   container_wrap fullsize' style=' '  ><div class='container' ><div class='template-page content  av-content-full alpha units'><div class='post-entry post-entry-type-page post-entry-754'><div class='entry-content-wrapper clearfix'>\n<section class=\"av_textblock_section \"  itemscope=\"itemscope\" itemtype=\"https:\/\/schema.org\/CreativeWork\" ><div class='avia_textblock  '   itemprop=\"text\" ><p><a name=\"pdf1\"><\/a><\/p>\n<\/div><\/section>\n<div  style=' margin-top:10px; margin-bottom:100px;'  class='hr hr-custom hr-center hr-icon-no   avia-builder-el-9  el_after_av_textblock  el_before_av_textblock '><span class='hr-inner   inner-border-av-border-none' style=' width:50px;' ><span class='hr-inner-style'><\/span><\/span><\/div>\n<section class=\"av_textblock_section \"  itemscope=\"itemscope\" itemtype=\"https:\/\/schema.org\/CreativeWork\" ><div class='avia_textblock  '   itemprop=\"text\" ><div style=\"display:block\">\n<!-- FlowPaper PDF flipbook plugin v.2.0.6 wordpress.org\/plugins\/flowpaper\/ -->\n<iframe title=\"FlowPaper flipbook pdf viewer\" width=\"100%\" height=\"1000\" scrolling=\"no\" class=\"flowpaper-class\" frameborder=\"0\" allowFullScreen=\"true\" lightbox=\"false\" cover id src = \"https:\/\/flowpaper.com\/flipbook\/?pdf=https:\/\/www.altrich.de\/wp-content\/uploads\/2022\/04\/Final_Info_Sonderblatt-Vereine-und-Gruppierungen.pdf?wp-hosted=1&title=&header=&theme=&singlepage=&thumbs=1&modified=250724811\" seamless=\"seamless\" style=\"margin-bottom:0;display:block;\">Your browser does not seem to support iframes. <a href=\"https:\/\/flowpaper.com\/flipbook\/?pdf=https:\/\/www.altrich.de\/wp-content\/uploads\/2022\/04\/Final_Info_Sonderblatt-Vereine-und-Gruppierungen.pdf?wp-hosted=1\" target=\"_blank\" rel=\"noopener\">Click here to read this PDF<\/a>.<\/iframe>\n<div id=\"flowpaper-logo-bottom\" class=\"flowpaper-logo-bg\" style=\"background:linear-gradient(to right, rgba(0,0,0,0.65) 0%,rgba(0,0,0,0) 200px);width:100%;height:19px; padding-bottom: 1px; padding-left: 5px; padding-right: 10px; display: flex; align-items: center;z-index:9999\"><span style=\"height: 37px; padding-left: 6px;width:90%\"> <a id=\"flowpaper-link\" style=\"fill: #fff\" alt=\"FlowPaper logotype\" title=\"FlowPaper logotype\" href=\"https:\/\/flowpaper.com\" target=\"_blank\" rel=\"noopener\"> <img decoding=\"async\" alt=\"Publish PDF flipbooks online\" style=\"height:17px;width:auto;margin-top:11px;\" src=\"https:\/\/www.altrich.de\/wp-content\/plugins\/flowpaper-lite-pdf-flipbook\/assets\/flowpaper-logo.png\" border=\"0\"> <\/a> <\/span><span style=\" float: right; right: 0; font-size: 10px; white-space: nowrap; opacity:0.8\"><a href=\"https:\/\/flowpaper.com\/flipbook-maker\/\" target=\"_new\" style=\"text-decoration:none;border-bottom:none;\" rel=\"noopener\">Created using FlowPaper Flipbook Maker &#8599;<\/a><\/span><\/div><\/div>\r\n                <script>\r\n                document.addEventListener(\"DOMContentLoaded\", function(){\r\n                    var target_element, iframe_element;\r\n                    iframe_element = document.querySelector(\"iframe.flowpaper-class\");\r\n                    target_element = document.querySelector(\"\");\r\n                    iframe_element.style.height = target_element.offsetHeight + \"px\";\r\n                });\r\n                <\/script>\r\n            \n<p>Sie k\u00f6nnen die Brosch\u00fcre als pdf-Datei auch <a href=\"https:\/\/www.altrich.de\/wp-content\/uploads\/2022\/04\/Final_Info_Sonderblatt-Vereine-und-Gruppierungen.pdf\" target=\"_blank\" rel=\"noopener\">downloaden <i class=\"fa fa-download \" ><\/i><\/a><\/p>\n<\/div><\/section>\n\n","protected":false},"excerpt":{"rendered":"","protected":false},"author":1,"featured_media":0,"parent":0,"menu_order":0,"comment_status":"closed","ping_status":"closed","template":"","meta":{"footnotes":""},"class_list":["post-754","page","type-page","status-publish","hentry"],"_links":{"self":[{"href":"https:\/\/www.altrich.de\/index.php\/wp-json\/wp\/v2\/pages\/754","targetHints":{"allow":["GET"]}}],"collection":[{"href":"https:\/\/www.altrich.de\/index.php\/wp-json\/wp\/v2\/pages"}],"about":[{"href":"https:\/\/www.altrich.de\/index.php\/wp-json\/wp\/v2\/types\/page"}],"author":[{"embeddable":true,"href":"https:\/\/www.altrich.de\/index.php\/wp-json\/wp\/v2\/users\/1"}],"replies":[{"embeddable":true,"href":"https:\/\/www.altrich.de\/index.php\/wp-json\/wp\/v2\/comments?post=754"}],"version-history":[{"count":45,"href":"https:\/\/www.altrich.de\/index.php\/wp-json\/wp\/v2\/pages\/754\/revisions"}],"predecessor-version":[{"id":2880,"href":"https:\/\/www.altrich.de\/index.php\/wp-json\/wp\/v2\/pages\/754\/revisions\/2880"}],"wp:attachment":[{"href":"https:\/\/www.altrich.de\/index.php\/wp-json\/wp\/v2\/media?parent=754"}],"curies":[{"name":"wp","href":"https:\/\/api.w.org\/{rel}","templated":true}]}}