{"id":850,"date":"2018-05-18T10:08:54","date_gmt":"2018-05-18T08:08:54","guid":{"rendered":"http:\/\/staging.altrich.de\/?page_id=850"},"modified":"2024-08-20T10:09:51","modified_gmt":"2024-08-20T08:09:51","slug":"geschichte","status":"publish","type":"page","link":"https:\/\/www.altrich.de\/index.php\/geschichte\/","title":{"rendered":"Geschichte"},"content":{"rendered":"<div id='full_slider_1'  class='avia-fullwidth-slider main_color avia-shadow   avia-builder-el-0  el_before_av_section  avia-builder-el-first   container_wrap fullsize' style=' '  ><div   data-size='featured'  data-lightbox_size='large'  data-animation='slide'  data-conditional_play=''  data-ids='1002'  data-video_counter='0'  data-autoplay='false'  data-bg_slider='false'  data-slide_height=''  data-handle='av_slideshow_full'  data-interval='5'  data-class=' '  data-el_id=''  data-css_id=''  data-scroll_down=''  data-control_layout='av-control-default'  data-custom_markup=''  data-perma_caption=''  data-autoplay_stopper=''  data-image_attachment=''  data-min_height='0px'  data-src=''  data-position='top left'  data-repeat='no-repeat'  data-attach='scroll'  data-stretch=''  data-default-height='28.666666666667'  class='avia-slideshow avia-slideshow-1  av-control-default av-default-height-applied avia-slideshow-featured av_slideshow_full   avia-slide-slider '  itemprop=\"image\" itemscope=\"itemscope\" itemtype=\"https:\/\/schema.org\/ImageObject\" ><ul class='avia-slideshow-inner ' style='padding-bottom: 28.666666666667%;' ><li  class=' av-single-slide slide-1 ' ><div data-rel='slideshow-1' class='avia-slide-wrap '   ><img src='https:\/\/www.altrich.de\/wp-content\/uploads\/2018\/06\/altrich_summer-1-1500x430.jpg' width='1500' height='430' title='altrich_summer' alt=''  itemprop=\"thumbnailUrl\"   \/><\/div><\/li><\/ul><\/div><\/div>\n<div id='av_section_1'  class='avia-section main_color avia-section-default avia-no-shadow  avia-bg-style-scroll  avia-builder-el-1  el_after_av_slideshow_full  avia-builder-el-last   container_wrap fullsize' style='background-color: #ffffff;  '  ><div class='container' ><div class='template-page content  av-content-full alpha units'><div class='post-entry post-entry-type-page post-entry-850'><div class='entry-content-wrapper clearfix'>\n<div  style='padding-bottom:19px; ' class='av-special-heading av-special-heading-h2  blockquote modern-quote modern-centered  avia-builder-el-2  el_before_av_two_fifth  avia-builder-el-first  '><h2 class='av-special-heading-tag '  itemprop=\"headline\"  >Geschichte<\/h2><div class='special-heading-border'><div class='special-heading-inner-border' ><\/div><\/div><\/div>\n<div class=\"flex_column av_two_fifth  flex_column_div av-zero-column-padding first  avia-builder-el-3  el_after_av_heading  el_before_av_three_fifth  \" style='border-radius:0px; '><p><section class=\"av_textblock_section \"  itemscope=\"itemscope\" itemtype=\"https:\/\/schema.org\/CreativeWork\" ><div class='avia_textblock  '   itemprop=\"text\" ><p>Altrich liegt etwa vier Kilometer s\u00fcdlich der Kreisstadt Wittlich. Zu Altrich geh\u00f6rt der Ortsteil B\u00fcscheid sowie die Wohnpl\u00e4tze Haardt, Kirchhof, Neuenhof, Bahnw\u00e4rterhaus Sommerkopf und Villa Altrich.<\/p>\n<\/div><\/section><br \/>\n<div id='av-masonry-1' class='av-masonry  noHover av-flex-size av-large-gap av-hover-overlay-active av-masonry-animation-active av-masonry-col-2 av-caption-always av-caption-style- av-masonry-gallery     '  ><div class='av-masonry-container isotope av-js-disabled ' ><div class='av-masonry-entry isotope-item av-masonry-item-no-image '><\/div><a href=\"https:\/\/www.altrich.de\/wp-content\/uploads\/2018\/01\/A1.jpg\" id='av-masonry-1-item-635' data-av-masonry-item='635' class='av-masonry-entry isotope-item post-635 attachment type-attachment status-inherit hentry  av-masonry-item-with-image' title=\"A1\"  itemprop=\"thumbnailUrl\" ><div class='av-inner-masonry-sizer'><\/div><figure class='av-inner-masonry main_color'><div class=\"av-masonry-outerimage-container\"><div class=\"av-masonry-image-container\" ><img decoding=\"async\" src=\"https:\/\/www.altrich.de\/wp-content\/uploads\/2018\/01\/A1.jpg\" title=\"A1\" alt=\"\" \/><\/div><\/div><\/figure><\/a><!--end av-masonry entry--><a href=\"https:\/\/www.altrich.de\/wp-content\/uploads\/2018\/01\/A2.jpg\" id='av-masonry-1-item-636' data-av-masonry-item='636' class='av-masonry-entry isotope-item post-636 attachment type-attachment status-inherit hentry  av-masonry-item-with-image' title=\"A2\"  itemprop=\"thumbnailUrl\" ><div class='av-inner-masonry-sizer'><\/div><figure class='av-inner-masonry main_color'><div class=\"av-masonry-outerimage-container\"><div class=\"av-masonry-image-container\" ><img decoding=\"async\" src=\"https:\/\/www.altrich.de\/wp-content\/uploads\/2018\/01\/A2.jpg\" title=\"A2\" alt=\"\" \/><\/div><\/div><\/figure><\/a><!--end av-masonry entry--><a href=\"https:\/\/www.altrich.de\/wp-content\/uploads\/2018\/01\/A3.jpg\" id='av-masonry-1-item-639' data-av-masonry-item='639' class='av-masonry-entry isotope-item post-639 attachment type-attachment status-inherit hentry  av-masonry-item-with-image' title=\"A3\"  itemprop=\"thumbnailUrl\" ><div class='av-inner-masonry-sizer'><\/div><figure class='av-inner-masonry main_color'><div class=\"av-masonry-outerimage-container\"><div class=\"av-masonry-image-container\" ><img decoding=\"async\" src=\"https:\/\/www.altrich.de\/wp-content\/uploads\/2018\/01\/A3.jpg\" title=\"A3\" alt=\"\" \/><\/div><\/div><\/figure><\/a><!--end av-masonry entry--><a href=\"https:\/\/www.altrich.de\/wp-content\/uploads\/2018\/01\/A4.jpg\" id='av-masonry-1-item-638' data-av-masonry-item='638' class='av-masonry-entry isotope-item post-638 attachment type-attachment status-inherit hentry  av-masonry-item-with-image' title=\"A4\"  itemprop=\"thumbnailUrl\" ><div class='av-inner-masonry-sizer'><\/div><figure class='av-inner-masonry main_color'><div class=\"av-masonry-outerimage-container\"><div class=\"av-masonry-image-container\" ><img decoding=\"async\" src=\"https:\/\/www.altrich.de\/wp-content\/uploads\/2018\/01\/A4.jpg\" title=\"A4\" alt=\"\" \/><\/div><\/div><\/figure><\/a><!--end av-masonry entry--><\/div><\/div><\/p><\/div><div class=\"flex_column av_three_fifth  flex_column_div av-zero-column-padding   avia-builder-el-6  el_after_av_two_fifth  avia-builder-el-last  \" style='border-radius:0px; '><section class=\"av_textblock_section \"  itemscope=\"itemscope\" itemtype=\"https:\/\/schema.org\/CreativeWork\" ><div class='avia_textblock  '   itemprop=\"text\" ><p class=\"bodytext\"><strong>Die Geschichte der Ortsgemeinde Altrich<\/strong><\/p>\n<p class=\"bodytext\">Durch Funde in der Gemarkung wurde festgestellt, dass Altrich als keltische Siedlung bereits vor 2000 Jahren bestand. Die R\u00f6mer besetzten sp\u00e4ter diese keltischen Siedlungen und gaben ihnen den Namen \u201e Altaregia\u201c Die erste urkundliche Erw\u00e4hnung von Altrich im Jahr 952 ist nur im sogenannten Balduineum (I. 161, II 172, III 190) als kopiale Abschrift \u00fcberliefert. Der Trierer Kurf\u00fcrst und Erzbischof Balduin hatte sich gegen Mitte des 14. Jahrhunderts in mehreren B\u00e4nden (Kopiaren) die wichtigsten Urkunden , die Rechtsverh\u00e4ltnisse \u00e4lterer Zeit f\u00fcr das Kurf\u00fcrstentum Trier betrafen, zusammenstellen lassen. Das Original der Urkunde von 952 lag somit im 14. Jahrhundert noch vor, ist danach jedoch offensichtlich verschwunden.<\/p>\n<p>Das Ersterw\u00e4hnungsjahr f\u00fcr Altrich ist hingegen aus der Zeit um 635. Dieses Jahr wird zwar erst in sp\u00e4teren Urkunden erw\u00e4hnt, aber diese nachtr\u00e4glichen Erw\u00e4hnungen sind glaubw\u00fcrdig. (Chronik von Altrich \u201eAltrich, Geschichte eines Dorfes\u201c Seite 18ff)<\/p>\n<p>Die zweite Erw\u00e4hnung von Altrich ist keine urkundliche, sondern stammt aus einer erz\u00e4hlenden Quelle, der sogenannten Echternacher Chronik des Theodorich aus dem Jahr 1192. Der Echternacher M\u00f6nch hat hierin in erz\u00e4hlender und chronologischer Form vom mythologischen Beginn des Frankengeschlechts bis zum Berichtsjahr 726 wichtige Ereignisse zusammengestellt.<\/p>\n<p>(Fundstelle Landeshauptarchiv Dr.Kr\u00fcmmel)<\/p>\n<p>Fest steht, dass sp\u00e4testens Mitte des 10. Jahrhunderts in Altrich ein erzbisch\u00f6fliches Wirtschaftszentrum bestand, das von einem \u201eAdvocatus\u201c geleitet, zugleich Verwaltungszentrum f\u00fcr den Lieserfiskus war. Dieser war im 7. Jahrhundert von einem K\u00f6nig Dagobert (wohl Dagobert I., 623-633) mit den \u201evillae\u201c Altrich, Wittlich, Platten, Salmrohr, Maring und Noviand der Trierer Kirche geschenkt worden .<\/p>\n<p>In jener Dagobertschenkung wird Altrich als \u201ealta regia\u201c bezeichnet, was mit \u201ehochgelegene, zum Reich geh\u00f6rige Siedlung\u201c \u00fcbersetzt werden kann. Schon zur Merowinger Zeit waren also in Altrich Funktionen konzentriert, so auch die Funktion eines Verwaltungsmittelpunktes mit Rechtfindung und Rechtsprechung. Beides fand statt vor den \u201eDoffscheurren und dem Schoppen\u201c am Herrenhof, also am erzbisch\u00f6flichen Hof beim Kirchhof. Am Ort vorbei f\u00fchrte die alte R\u00f6merstra\u00dfe, welche von Trier an den Rhein f\u00fchrte. Aus dieser Zeit stammt auch die renovierte r\u00f6mische Villa nahe bei Altrich.<\/p>\n<p>Die Bedeutung von Altrich war in jenen Jahrhunderten, wie auch in der Geschichte des Gutes Kirchhof erw\u00e4hnt wurde, weitaus h\u00f6her als die des benachbarten Mittelzentrums Wittlich. Sehr interessant hier ist auch ein Artikel aus der <a class=\"download\" title=\"Leitet Herunterladen der Datei ein\" href=\"https:\/\/www.altrich.de\/wp-content\/uploads\/2018\/09\/Eifli_illustrata_01.pdf\" target=\"_blank\" rel=\"noopener\">\u201eEifli Illustrata<\/a><a href=\"https:\/\/www.altrich.de\/wp-content\/uploads\/2018\/09\/Eifli_illustrata_01.pdf\">\u201e<i class=\"fa fa-download \" ><\/i><\/a>, einer geographischen und historischen Beschreibung der Eifel aus dem Jahre 1855.<\/p>\n<p>Heute ist Altrich mit fast 1600 Einwohnern die f\u00fcnftgr\u00f6\u00dfte Gemeinde in der Verbandsgemeinde Wittlich- Land. Die Geselligkeit und das Vereinsleben in Altrich besitzen einen hohen Stellenwert. Immerhin 14 Vereine bem\u00fchen sich um ein gutes Zusammenleben in der Gemeinde. Handwerk, Handel , Gastronomie und Dienstleistung sind vorhanden. Kindergarten, Schule, kirchliche Einrichtungen befinden sich im Ort. Altrich hat einen Sportplatz, Tennispl\u00e4tze, Sporthalle , mehrere Mehrzweckbereiche und ausgewiesene Wanderwege sowie eine Schutzh\u00fctte.<\/p>\n<p>Die Landwirtschaft ist ebenfalls noch sehr ausgepr\u00e4gt vorhanden. Die Gemeinde verf\u00fcgt \u00fcber ca. 500 ha hervorragenden Wald mit vielen Baumarten (darunter auch Mammutb\u00e4ume).<\/p>\n<p>Sehenswert sind die Pfarrkirche zum Heiligen Andreas (1873) mit Steinaltar an der Au\u00dfenwand, die Kapelle von Hof Haardt (Anfang des 18. Jahrhunderts), die Kapelle in B\u00fcscheid (1906), mehrere, liebevoll restaurierte, historische Wegekreuze sowie das <a class=\"download lightbox-added\" title=\"Leitet Herunterladen der Datei ein\" href=\"https:\/\/www.altrich.de\/wp-content\/uploads\/2018\/09\/Nov_TV_Alter_Baum_mit_maechtiger_Krone_01.jpg\">Naturdenkmal \u201eDicke Eiche<\/a>\u201e. Mit \u00fcber 6,50 Meter Stamm- und an die 80 Meter Kronenumfang geh\u00f6rt sie zu den m\u00e4chtigsten B\u00e4umen im Kreisgebiet. Ihr Alter wird allerdings oft \u00fcbersch\u00e4tzt, da sie auf n\u00e4hrstoffreicher Erde steht. Doch an die 300 Jahre d\u00fcrfte die Dicke Eiche schon auf dem Buckel haben. Der am Stammfu\u00df weitgehend hohle Baum ist vor einigen Jahren vorbildlich saniert worden.<b> <\/b>Wendet man den Blick von hier nach S\u00fcden Richtung Neuenhof, so erblickt man dahinter den \u201eSt\u00f6ppelberg\u201c. Hier soll im Drei\u00dfigj\u00e4hrigen Krieg ein Nonnenkloster gestanden haben, das von Soldaten zerst\u00f6rt wurde. In Altrich erz\u00e4hlt man sich die <a class=\"download\" title=\"Leitet Herunterladen der Datei ein\" href=\"https:\/\/www.altrich.de\/wp-content\/uploads\/2018\/09\/wildenonne_1_.pdf\" target=\"_blank\" rel=\"noopener\">Geschichte einer wilden Nonne<\/a> <a href=\"https:\/\/www.altrich.de\/wp-content\/uploads\/2018\/09\/wildenonne_1_.pdf\"><i class=\"fa fa-download \" ><\/i><\/a>, die auf diesem Berg immer noch spuken soll.<\/p>\n<p><b>Weitere Literatur \u00fcber Altrich finden Sie in<\/b><\/p>\n<ul>\n<li>Chronik der Verbandsgemeinde Wittlich \u2013 Land<\/li>\n<li>Bildband Wittlicher Land<\/li>\n<li>Peter Zirbes<\/li>\n<li>H\u00e4mfaohrt \u2013Durfl\u00e4\u00e4wen zweschen Muusel und \u00c4fel<\/li>\n<li>Die Salm<\/li>\n<li>Die Lieser<\/li>\n<li>Chronik von Altrich \u201eAltrich, Geschichte eines Dorfes\u201c<\/li>\n<\/ul>\n<p class=\"bodytext\">zu erhalten bei der <a class=\"external-link-new-window\" title=\"\u00d6ffnet externen Link in neuem Fenster\" href=\"https:\/\/www.vg-wittlich-land.de\/\" target=\"_blank\" rel=\"noopener noreferrer\">Verbandsgemeinde Wittlich \u2013Land<\/a> \u2013 Tel. 06571\/ 107-33<\/p>\n<\/div><\/section><\/div>\n","protected":false},"excerpt":{"rendered":"","protected":false},"author":1,"featured_media":0,"parent":0,"menu_order":0,"comment_status":"closed","ping_status":"closed","template":"","meta":{"footnotes":""},"class_list":["post-850","page","type-page","status-publish","hentry"],"_links":{"self":[{"href":"https:\/\/www.altrich.de\/index.php\/wp-json\/wp\/v2\/pages\/850","targetHints":{"allow":["GET"]}}],"collection":[{"href":"https:\/\/www.altrich.de\/index.php\/wp-json\/wp\/v2\/pages"}],"about":[{"href":"https:\/\/www.altrich.de\/index.php\/wp-json\/wp\/v2\/types\/page"}],"author":[{"embeddable":true,"href":"https:\/\/www.altrich.de\/index.php\/wp-json\/wp\/v2\/users\/1"}],"replies":[{"embeddable":true,"href":"https:\/\/www.altrich.de\/index.php\/wp-json\/wp\/v2\/comments?post=850"}],"version-history":[{"count":10,"href":"https:\/\/www.altrich.de\/index.php\/wp-json\/wp\/v2\/pages\/850\/revisions"}],"predecessor-version":[{"id":2862,"href":"https:\/\/www.altrich.de\/index.php\/wp-json\/wp\/v2\/pages\/850\/revisions\/2862"}],"wp:attachment":[{"href":"https:\/\/www.altrich.de\/index.php\/wp-json\/wp\/v2\/media?parent=850"}],"curies":[{"name":"wp","href":"https:\/\/api.w.org\/{rel}","templated":true}]}}